{"id":2856,"date":"2021-08-19T06:23:00","date_gmt":"2021-08-19T12:23:00","guid":{"rendered":"https:\/\/www.zionsgospel.com\/shop\/abba-shebashamayim\/"},"modified":"2022-01-23T09:50:18","modified_gmt":"2022-01-23T15:50:18","slug":"abba-shebashamayim","status":"publish","type":"product","link":"https:\/\/www.zionsgospel.com\/es\/tienda\/abba-shebashamayim\/","title":{"rendered":"Abba Shebashamayim"},"content":{"rendered":"","protected":false},"excerpt":{"rendered":"<p>Este \u00e1lbum grabado en el 2010 contine canciones de Dominiquae Bierman con letras en hebreo, espa\u00f1ol e ingl\u00e9s que le dio el Senor para la unci\u00f3n para sanar corazones, esperanza y salvaci\u00f3n. El \u00e1lbum fue grabado en Per\u00fa con instrumentos musicales t\u00edpicos peruanos.<\/p>\n<p><strong>10 Canciones + 1 extra<\/strong><\/p>\n<h4>Escucha fragmentos de las canciones:<\/h4>\n<table class=\"samples\">\n<tbody>\n<tr>\n<td><strong>01 Intro Shofar<\/strong><\/td>\n<td>[audio mp3=\"https:\/\/assets.zionsgospel.com\/audio\/samples\/abba-shebashamayim\/01-Intro-Shofar_sample.mp3\"][\/audio]<\/td>\n<\/tr>\n<tr>\n<td><strong>02 Abba Shebashamayim<\/strong><\/td>\n<td>[audio mp3=\"https:\/\/assets.zionsgospel.com\/audio\/samples\/abba-shebashamayim\/02-Abba-Shebashamayim_sample.mp3\"][\/audio]<\/td>\n<\/tr>\n<tr>\n<td><strong>03 Baruj Habah Beshem Adonai<\/strong><\/td>\n<td>[audio mp3=\"https:\/\/assets.zionsgospel.com\/audio\/samples\/abba-shebashamayim\/03-Baruj-Habah-Beshem-Adonai_sample.mp3\"][\/audio]<\/td>\n<\/tr>\n<tr>\n<td><strong>04 Emje Kol Dima-Enjuagare toda lagrima<\/strong><\/td>\n<td>[audio mp3=\"https:\/\/assets.zionsgospel.com\/audio\/samples\/abba-shebashamayim\/04-Emje-Kol-Dima-Enjuagare-toda-lagrima_sample.mp3\"][\/audio]<\/td>\n<\/tr>\n<tr>\n<td><strong>05 Hevenu Shalom Aleichem<\/strong><\/td>\n<td>[audio mp3=\"https:\/\/assets.zionsgospel.com\/audio\/samples\/abba-shebashamayim\/05-Hevenu-Shalom-Aleichem_sample.mp3\"][\/audio]<\/td>\n<\/tr>\n<tr>\n<td><strong>06 Hineh Ma Tov-Popular<\/strong><\/td>\n<td>[audio mp3=\"https:\/\/assets.zionsgospel.com\/audio\/samples\/abba-shebashamayim\/06-Hineh-Ma-Tov_sample.mp3\"][\/audio]<\/td>\n<\/tr>\n<tr>\n<td><strong>07 Hodu L&#8217;Adonai Ki Tov<\/strong><\/td>\n<td>[audio mp3=\"https:\/\/assets.zionsgospel.com\/audio\/samples\/abba-shebashamayim\/07-Hodu-LAdonai-Ki-Tov_sample.mp3\"][\/audio]<\/td>\n<\/tr>\n<tr>\n<td><strong>08 Or Haolam-Luz del Mundo<\/strong><\/td>\n<td>[audio mp3=\"https:\/\/assets.zionsgospel.com\/audio\/samples\/abba-shebashamayim\/08-Or-Haolam-Luz-del-Mundo_sample.mp3\"][\/audio]<\/td>\n<\/tr>\n<tr>\n<td><strong>09 Shalom Shalom Yerushalayim<\/strong><\/td>\n<td>[audio mp3=\"https:\/\/assets.zionsgospel.com\/audio\/samples\/abba-shebashamayim\/09-Shalom-Shalom-Yerushalayim_sample.mp3\"][\/audio]<\/td>\n<\/tr>\n<tr>\n<td><strong>10 Zeh Haderej-El es El Camino<\/strong><\/td>\n<td>[audio mp3=\"https:\/\/assets.zionsgospel.com\/audio\/samples\/abba-shebashamayim\/10-Zeh-Haderej-El-es-El-Camino_sample.mp3\"][\/audio]<\/td>\n<\/tr>\n<tr>\n<td><strong>11 Bonus Abba Shebashamayim<\/strong><\/td>\n<td>[audio mp3=\"https:\/\/assets.zionsgospel.com\/audio\/samples\/abba-shebashamayim\/11-Bonus-Abba-Shebashamayim_sample.mp3\"][\/audio]<\/td>\n<\/tr>\n<\/tbody>\n<\/table>\n","protected":false},"featured_media":1940,"comment_status":"closed","ping_status":"closed","template":"","meta":{"give_campaign_id":0,"_kad_blocks_custom_css":"","_kad_blocks_head_custom_js":"","_kad_blocks_body_custom_js":"","_kad_blocks_footer_custom_js":"","_kad_post_transparent":"","_kad_post_title":"","_kad_post_layout":"","_kad_post_sidebar_id":"","_kad_post_content_style":"","_kad_post_vertical_padding":"","_kad_post_feature":"","_kad_post_feature_position":"","_kad_post_header":false,"_kad_post_footer":false,"_kad_post_classname":""},"product_brand":[],"product_cat":[138],"product_tag":[],"class_list":{"0":"post-2856","1":"product","2":"type-product","3":"status-publish","4":"has-post-thumbnail","6":"product_cat-musica","8":"first","9":"instock","10":"downloadable","11":"virtual","12":"purchasable","13":"product-type-simple","14":"entry","15":"content-bg","16":"loop-entry"},"taxonomy_info":{"product_cat":[{"value":138,"label":"M\u00fasica"}]},"featured_image_src_large":["https:\/\/www.zionsgospel.com\/wp-content\/uploads\/2021\/08\/abba-shebashamayim-cover.jpg",900,900,false],"author_info":[],"comment_info":0,"_links":{"self":[{"href":"https:\/\/www.zionsgospel.com\/es\/wp-json\/wp\/v2\/product\/2856","targetHints":{"allow":["GET"]}}],"collection":[{"href":"https:\/\/www.zionsgospel.com\/es\/wp-json\/wp\/v2\/product"}],"about":[{"href":"https:\/\/www.zionsgospel.com\/es\/wp-json\/wp\/v2\/types\/product"}],"replies":[{"embeddable":true,"href":"https:\/\/www.zionsgospel.com\/es\/wp-json\/wp\/v2\/comments?post=2856"}],"wp:featuredmedia":[{"embeddable":true,"href":"https:\/\/www.zionsgospel.com\/es\/wp-json\/wp\/v2\/media\/1940"}],"wp:attachment":[{"href":"https:\/\/www.zionsgospel.com\/es\/wp-json\/wp\/v2\/media?parent=2856"}],"wp:term":[{"taxonomy":"product_brand","embeddable":true,"href":"https:\/\/www.zionsgospel.com\/es\/wp-json\/wp\/v2\/product_brand?post=2856"},{"taxonomy":"product_cat","embeddable":true,"href":"https:\/\/www.zionsgospel.com\/es\/wp-json\/wp\/v2\/product_cat?post=2856"},{"taxonomy":"product_tag","embeddable":true,"href":"https:\/\/www.zionsgospel.com\/es\/wp-json\/wp\/v2\/product_tag?post=2856"}],"curies":[{"name":"wp","href":"https:\/\/api.w.org\/{rel}","templated":true}]}}