{"id":2855,"date":"2021-08-19T06:23:01","date_gmt":"2021-08-19T12:23:01","guid":{"rendered":"https:\/\/www.zionsgospel.com\/shop\/uru-awake-despierta\/"},"modified":"2024-07-12T03:41:15","modified_gmt":"2024-07-12T09:41:15","slug":"uru-awake-despierta","status":"publish","type":"product","link":"https:\/\/www.zionsgospel.com\/es\/tienda\/uru-awake-despierta\/","title":{"rendered":"URU Awake (Despierta)"},"content":{"rendered":"","protected":false},"excerpt":{"rendered":"<p>Este es el primer \u00e1lbum que grab\u00f3 Dominiquae Bierman, y consiste en canciones que Yah le dio durante \u00abVigilias de Adoraci\u00f3n Prof\u00e9tica\u00bb en Jerusal\u00e9n\u2026 \u00a1lleno de la unci\u00f3n de Yah! Cantado es hebreo con transliteraci\u00f3n f\u00e1cil de seguir en ingles y traducci\u00f3n tambi\u00e9n, \u00a1as\u00ed que no tiene que hablar hebreo para cantar!<\/p>\n<p><strong>10 Canciones<\/strong><\/p>\n<h4>Escucha fragmentos de las canciones:<\/h4>\n<table class=\"samples\">\n<tbody>\n<tr>\n<td><strong>01 Rak Ata Adonai<\/strong><\/td>\n<td>[audio mp3=\"https:\/\/assets.zionsgospel.com\/audio\/samples\/uru\/01-Rak-Ata-Adonai_sample.mp3\"][\/audio]<\/td>\n<\/tr>\n<tr>\n<td><strong>02 Lichvodcha<\/strong><\/td>\n<td>[audio mp3=\"https:\/\/assets.zionsgospel.com\/audio\/samples\/uru\/02-Lichvodcha_sample.mp3\"][\/audio]<\/td>\n<\/tr>\n<tr>\n<td><strong>03 Halelu Oto<\/strong><\/td>\n<td>[audio mp3=\"https:\/\/assets.zionsgospel.com\/audio\/samples\/uru\/03-Halelu-Oto_sample.mp3\"][\/audio]<\/td>\n<\/tr>\n<tr>\n<td><strong>04 Melech Hakavod<\/strong><\/td>\n<td>[audio mp3=\"https:\/\/assets.zionsgospel.com\/audio\/samples\/uru\/04-Melech-Hakavod_sample.mp3\"][\/audio]<\/td>\n<\/tr>\n<tr>\n<td><strong>05 Ma Navu<\/strong><\/td>\n<td>[audio mp3=\"https:\/\/assets.zionsgospel.com\/audio\/samples\/uru\/05-Ma-Navu_sample.mp3\"][\/audio]<\/td>\n<\/tr>\n<tr>\n<td><strong>06 Ruach<\/strong><\/td>\n<td>[audio mp3=\"https:\/\/assets.zionsgospel.com\/audio\/samples\/uru\/06-Ruach_sample.mp3\"][\/audio]<\/td>\n<\/tr>\n<tr>\n<td><strong>07 Halelu et Adonai<\/strong><\/td>\n<td>[audio mp3=\"https:\/\/assets.zionsgospel.com\/audio\/samples\/uru\/07-Halelu-et-Adonai_sample.mp3\"][\/audio]<\/td>\n<\/tr>\n<tr>\n<td><strong>08 Ashir Lecha<\/strong><\/td>\n<td>[audio mp3=\"https:\/\/assets.zionsgospel.com\/audio\/samples\/uru\/08-Ashir-Lecha_sample.mp3\"][\/audio]<\/td>\n<\/tr>\n<tr>\n<td><strong>09 Uru<\/strong><\/td>\n<td>[audio mp3=\"https:\/\/assets.zionsgospel.com\/audio\/samples\/uru\/09-Uru_sample.mp3\"][\/audio]<\/td>\n<\/tr>\n<tr>\n<td><strong>10 Emet Teshachrereni<\/strong><\/td>\n<td>[audio mp3=\"https:\/\/assets.zionsgospel.com\/audio\/samples\/uru\/10-Emet-Teshachrereni_sample.mp3\"][\/audio]<\/td>\n<\/tr>\n<\/tbody>\n<\/table>\n","protected":false},"featured_media":1936,"comment_status":"closed","ping_status":"closed","template":"","meta":{"give_campaign_id":0,"_kad_blocks_custom_css":"","_kad_blocks_head_custom_js":"","_kad_blocks_body_custom_js":"","_kad_blocks_footer_custom_js":"","_kad_post_transparent":"","_kad_post_title":"","_kad_post_layout":"","_kad_post_sidebar_id":"","_kad_post_content_style":"","_kad_post_vertical_padding":"","_kad_post_feature":"","_kad_post_feature_position":"","_kad_post_header":false,"_kad_post_footer":false,"_kad_post_classname":""},"product_brand":[],"product_cat":[138],"product_tag":[],"class_list":{"0":"post-2855","1":"product","2":"type-product","3":"status-publish","4":"has-post-thumbnail","6":"product_cat-musica","8":"first","9":"instock","10":"downloadable","11":"virtual","12":"purchasable","13":"product-type-simple","14":"entry","15":"content-bg","16":"loop-entry"},"taxonomy_info":{"product_cat":[{"value":138,"label":"M\u00fasica"}]},"featured_image_src_large":["https:\/\/www.zionsgospel.com\/wp-content\/uploads\/2021\/08\/uru-cover.jpg",900,900,false],"author_info":[],"comment_info":0,"_links":{"self":[{"href":"https:\/\/www.zionsgospel.com\/es\/wp-json\/wp\/v2\/product\/2855","targetHints":{"allow":["GET"]}}],"collection":[{"href":"https:\/\/www.zionsgospel.com\/es\/wp-json\/wp\/v2\/product"}],"about":[{"href":"https:\/\/www.zionsgospel.com\/es\/wp-json\/wp\/v2\/types\/product"}],"replies":[{"embeddable":true,"href":"https:\/\/www.zionsgospel.com\/es\/wp-json\/wp\/v2\/comments?post=2855"}],"wp:featuredmedia":[{"embeddable":true,"href":"https:\/\/www.zionsgospel.com\/es\/wp-json\/wp\/v2\/media\/1936"}],"wp:attachment":[{"href":"https:\/\/www.zionsgospel.com\/es\/wp-json\/wp\/v2\/media?parent=2855"}],"wp:term":[{"taxonomy":"product_brand","embeddable":true,"href":"https:\/\/www.zionsgospel.com\/es\/wp-json\/wp\/v2\/product_brand?post=2855"},{"taxonomy":"product_cat","embeddable":true,"href":"https:\/\/www.zionsgospel.com\/es\/wp-json\/wp\/v2\/product_cat?post=2855"},{"taxonomy":"product_tag","embeddable":true,"href":"https:\/\/www.zionsgospel.com\/es\/wp-json\/wp\/v2\/product_tag?post=2855"}],"curies":[{"name":"wp","href":"https:\/\/api.w.org\/{rel}","templated":true}]}}