{"id":2846,"date":"2021-08-19T06:23:01","date_gmt":"2021-08-19T12:23:01","guid":{"rendered":"https:\/\/www.zionsgospel.com\/shop\/retorno\/"},"modified":"2022-01-23T09:45:20","modified_gmt":"2022-01-23T15:45:20","slug":"retorno","status":"publish","type":"product","link":"https:\/\/www.zionsgospel.com\/es\/tienda\/retorno\/","title":{"rendered":"Retorno"},"content":{"rendered":"","protected":false},"excerpt":{"rendered":"<p>Un \u00e1lbum con adoraci\u00f3n mesi\u00e1nica ungida y ponderosa totalmente en espa\u00f1ol y en hebreo con canciones nuevas de la Ap\u00f3stol Dominiquae Bierman llamando a los jud\u00edos sefarditas a que regresen a su identidad jud\u00eda y al Mes\u00edas Yeshua. Este \u00e1lbum fue grabado en R\u00edo Bravo, M\u00e9xico en 2018. Se incluyen las letras.<\/p>\n<p><strong>12 Canciones<\/strong><\/p>\n<h4>Escucha fragmentos de las canciones:<\/h4>\n<table class=\"samples\">\n<tbody>\n<tr>\n<td><strong>01 Muerde El Polvo, Al Hagakhon<\/strong><\/td>\n<td>[audio mp3=\"https:\/\/assets.zionsgospel.com\/audio\/samples\/retorno\/01-Muerde-El-Polvo-Al-Hagakhon_sample.mp3\"][\/audio]<\/td>\n<\/tr>\n<tr>\n<td><strong>02 Jerusal\u00e9n<\/strong><\/td>\n<td>[audio mp3=\"https:\/\/assets.zionsgospel.com\/audio\/samples\/retorno\/02-Jerusalen_sample.mp3\"][\/audio]<\/td>\n<\/tr>\n<tr>\n<td><strong>03 Tu Torah, Toratkha<\/strong><\/td>\n<td>[audio mp3=\"https:\/\/assets.zionsgospel.com\/audio\/samples\/retorno\/03-Tu-Torah-Toratkha_sample.mp3\"][\/audio]<\/td>\n<\/tr>\n<tr>\n<td><strong>04 Bienvenidos A Mi Shabbat, Zohi Shabbat Kodshi<\/strong><\/td>\n<td>[audio mp3=\"https:\/\/assets.zionsgospel.com\/audio\/samples\/retorno\/04-Bienvenidos-A-Mi-Shabbat-Zohi-Shabbat-Kodshi_sample.mp3\"][\/audio]<\/td>\n<\/tr>\n<tr>\n<td><strong>05 La Llave de Abraham (The Key of Abraham)<\/strong><\/td>\n<td>[audio mp3=\"https:\/\/assets.zionsgospel.com\/audio\/samples\/retorno\/05-La-Llave-de-Abraham_sample.mp3\"][\/audio]<\/td>\n<\/tr>\n<tr>\n<td><strong>06 La sangre de Sefarad (Sephardic Blood)<\/strong><\/td>\n<td>[audio mp3=\"https:\/\/assets.zionsgospel.com\/audio\/samples\/retorno\/06-La-sangre-de-Sefarad_sample.mp3\"][\/audio]<\/td>\n<\/tr>\n<tr>\n<td><strong>07 El Kidush de Shabbat<\/strong><\/td>\n<td>[audio mp3=\"https:\/\/assets.zionsgospel.com\/audio\/samples\/retorno\/07-El-Kidush-de-Shabbat_sample.mp3\"][\/audio]<\/td>\n<\/tr>\n<tr>\n<td><strong>08 Hevenu Shalom Aleichem<\/strong><\/td>\n<td>[audio mp3=\"https:\/\/assets.zionsgospel.com\/audio\/samples\/retorno\/08-Hevenu-Shalom-Aleichem_sample.mp3\"][\/audio]<\/td>\n<\/tr>\n<tr>\n<td><strong>09 Hava Nagila<\/strong><\/td>\n<td>[audio mp3=\"https:\/\/assets.zionsgospel.com\/audio\/samples\/retorno\/09-Hava-Nagila_sample.mp3\"][\/audio]<\/td>\n<\/tr>\n<tr>\n<td><strong>10 A Volar Mas Alto, Hei-Khan Hakala<\/strong><\/td>\n<td>[audio mp3=\"https:\/\/assets.zionsgospel.com\/audio\/samples\/retorno\/10-A-Volar-Mas-Alto-Hei-Khan-Hakala_sample.mp3\"][\/audio]<\/td>\n<\/tr>\n<tr>\n<td><strong>11 Kadosh<\/strong><\/td>\n<td>[audio mp3=\"https:\/\/assets.zionsgospel.com\/audio\/samples\/retorno\/11-Kadosh_sample.mp3\"][\/audio]<\/td>\n<\/tr>\n<tr>\n<td><strong>12 Bendicion Aaronica<\/strong><\/td>\n<td>[audio mp3=\"https:\/\/assets.zionsgospel.com\/audio\/samples\/retorno\/12-Bendicion-Aaronica_sample.mp3\"][\/audio]<\/td>\n<\/tr>\n<\/tbody>\n<\/table>\n","protected":false},"featured_media":1944,"comment_status":"closed","ping_status":"closed","template":"","meta":{"give_campaign_id":0,"_kad_blocks_custom_css":"","_kad_blocks_head_custom_js":"","_kad_blocks_body_custom_js":"","_kad_blocks_footer_custom_js":"","_kad_post_transparent":"","_kad_post_title":"","_kad_post_layout":"","_kad_post_sidebar_id":"","_kad_post_content_style":"","_kad_post_vertical_padding":"","_kad_post_feature":"","_kad_post_feature_position":"","_kad_post_header":false,"_kad_post_footer":false,"_kad_post_classname":""},"product_brand":[],"product_cat":[138],"product_tag":[],"class_list":{"0":"post-2846","1":"product","2":"type-product","3":"status-publish","4":"has-post-thumbnail","6":"product_cat-musica","8":"first","9":"instock","10":"downloadable","11":"virtual","12":"purchasable","13":"product-type-simple","14":"entry","15":"content-bg","16":"loop-entry"},"taxonomy_info":{"product_cat":[{"value":138,"label":"M\u00fasica"}]},"featured_image_src_large":["https:\/\/www.zionsgospel.com\/wp-content\/uploads\/2021\/08\/retorno-cd-cover.jpg",900,900,false],"author_info":[],"comment_info":0,"_links":{"self":[{"href":"https:\/\/www.zionsgospel.com\/es\/wp-json\/wp\/v2\/product\/2846","targetHints":{"allow":["GET"]}}],"collection":[{"href":"https:\/\/www.zionsgospel.com\/es\/wp-json\/wp\/v2\/product"}],"about":[{"href":"https:\/\/www.zionsgospel.com\/es\/wp-json\/wp\/v2\/types\/product"}],"replies":[{"embeddable":true,"href":"https:\/\/www.zionsgospel.com\/es\/wp-json\/wp\/v2\/comments?post=2846"}],"wp:featuredmedia":[{"embeddable":true,"href":"https:\/\/www.zionsgospel.com\/es\/wp-json\/wp\/v2\/media\/1944"}],"wp:attachment":[{"href":"https:\/\/www.zionsgospel.com\/es\/wp-json\/wp\/v2\/media?parent=2846"}],"wp:term":[{"taxonomy":"product_brand","embeddable":true,"href":"https:\/\/www.zionsgospel.com\/es\/wp-json\/wp\/v2\/product_brand?post=2846"},{"taxonomy":"product_cat","embeddable":true,"href":"https:\/\/www.zionsgospel.com\/es\/wp-json\/wp\/v2\/product_cat?post=2846"},{"taxonomy":"product_tag","embeddable":true,"href":"https:\/\/www.zionsgospel.com\/es\/wp-json\/wp\/v2\/product_tag?post=2846"}],"curies":[{"name":"wp","href":"https:\/\/api.w.org\/{rel}","templated":true}]}}