{"id":15820,"date":"2025-01-16T05:56:25","date_gmt":"2025-01-16T11:56:25","guid":{"rendered":"https:\/\/www.zionsgospel.com\/shop\/vasijas-de-fuego\/"},"modified":"2025-12-05T11:12:31","modified_gmt":"2025-12-05T17:12:31","slug":"vasijas-de-fuego","status":"publish","type":"product","link":"https:\/\/www.zionsgospel.com\/es\/tienda\/vasijas-de-fuego\/","title":{"rendered":"Vasijas de Fuego"},"content":{"rendered":"","protected":false},"excerpt":{"rendered":"<p><strong>LA VERDAD QUE LIBERA A LOS CAPTIVOS<\/strong><\/p>\n<p>El Ministerio de Prisiones MAP (Mesi\u00e1nico, Apost\u00f3lico, Prof\u00e9tico) est\u00e1 transformando vidas dentro del sistema penitenciario estadounidense. \u00a1Todo un ej\u00e9rcito de amantes redimidos del Mes\u00edas jud\u00edo y de Israel se est\u00e1 levantando tras las rejas! Sus testimonios, que podr\u00e1 leer en este libro, pueden convertirse en un catalizador de salvaci\u00f3n, liberaci\u00f3n y sanidad para usted y sus seres queridos.<\/p>\n<p>He estado en prisi\u00f3n durante 41 a\u00f1os. Durante todo este tiempo, he hecho cientos de estudios b\u00edblicos, pero ninguno me ha inspirado o satisfecho tanto como su curso. Nunca me he sentido tan cerca de Dios como ahora. &#8211; J.E.<\/p>\n<p>\u00a1He estado equivocado toda mi vida, pero ahora entiendo lo que Dios quiere de m\u00ed! -R.D.<\/p>\n<p>Yo era el segundo al mando de una banda a nivel nacional, pero con la ayuda de YHVH y la Escuela B\u00edblica AGIMAP, he empezado a denunciarlo, despu\u00e9s de 21 a\u00f1os de ser miembro. El enemigo me ha estado atacando por eso. Sabe que est\u00e1 perdiendo a un guerrero, pero ahora lucho en una guerra diferente para un Maestro diferente. &#8211; J.M.<\/p>\n<p>Sol\u00eda estar confundido e inc\u00f3modo porque no sab\u00eda qu\u00e9 creer. Hay tantas doctrinas diferentes, todas en contra de las dem\u00e1s y ense\u00f1ando cosas diferentes. Ahora entiendo mejor el Evangelio y conozco las ra\u00edces de mi fe. &#8211; E.P<\/p>\n<p>He estudiado el islam durante a\u00f1os y he sido musulm\u00e1n practicante de forma intermitente. \u00daltimamente, no he sido m\u00e1s que un simple buscador. Rec\u00e9 al fi nal del libro Erradicando el C\u00e1ncer de la Religi\u00f3n, invocando a Yeshua en mi vida en voz alta. \u00a1Puede que me hayas llevado a nacer de nuevo! &#8211; J.B.<\/p>\n","protected":false},"featured_media":14093,"comment_status":"closed","ping_status":"closed","template":"","meta":{"give_campaign_id":0,"_kad_blocks_custom_css":"","_kad_blocks_head_custom_js":"","_kad_blocks_body_custom_js":"","_kad_blocks_footer_custom_js":"","_kad_post_transparent":"default","_kad_post_title":"","_kad_post_layout":"default","_kad_post_sidebar_id":"","_kad_post_content_style":"default","_kad_post_vertical_padding":"default","_kad_post_feature":"","_kad_post_feature_position":"","_kad_post_header":false,"_kad_post_footer":false,"_kad_post_classname":""},"product_brand":[],"product_cat":[44],"product_tag":[],"class_list":{"0":"post-15820","1":"product","2":"type-product","3":"status-publish","4":"has-post-thumbnail","6":"product_cat-libros","7":"product_shipping_class-all-products-es","9":"first","10":"instock","11":"featured","12":"shipping-taxable","13":"purchasable","14":"product-type-variable","15":"entry","16":"content-bg","17":"loop-entry"},"taxonomy_info":{"product_cat":[{"value":44,"label":"Libros"}]},"featured_image_src_large":["https:\/\/www.zionsgospel.com\/wp-content\/uploads\/2025\/01\/vessels-of-fire-662x1024.jpg",662,1024,true],"author_info":[],"comment_info":0,"_links":{"self":[{"href":"https:\/\/www.zionsgospel.com\/es\/wp-json\/wp\/v2\/product\/15820","targetHints":{"allow":["GET"]}}],"collection":[{"href":"https:\/\/www.zionsgospel.com\/es\/wp-json\/wp\/v2\/product"}],"about":[{"href":"https:\/\/www.zionsgospel.com\/es\/wp-json\/wp\/v2\/types\/product"}],"replies":[{"embeddable":true,"href":"https:\/\/www.zionsgospel.com\/es\/wp-json\/wp\/v2\/comments?post=15820"}],"wp:featuredmedia":[{"embeddable":true,"href":"https:\/\/www.zionsgospel.com\/es\/wp-json\/wp\/v2\/media\/14093"}],"wp:attachment":[{"href":"https:\/\/www.zionsgospel.com\/es\/wp-json\/wp\/v2\/media?parent=15820"}],"wp:term":[{"taxonomy":"product_brand","embeddable":true,"href":"https:\/\/www.zionsgospel.com\/es\/wp-json\/wp\/v2\/product_brand?post=15820"},{"taxonomy":"product_cat","embeddable":true,"href":"https:\/\/www.zionsgospel.com\/es\/wp-json\/wp\/v2\/product_cat?post=15820"},{"taxonomy":"product_tag","embeddable":true,"href":"https:\/\/www.zionsgospel.com\/es\/wp-json\/wp\/v2\/product_tag?post=15820"}],"curies":[{"name":"wp","href":"https:\/\/api.w.org\/{rel}","templated":true}]}}