{"id":14229,"date":"2024-09-26T14:29:03","date_gmt":"2024-09-26T20:29:03","guid":{"rendered":"https:\/\/www.zionsgospel.com\/shop\/desenmascarando-a-aman-amalec-y-hamas\/"},"modified":"2025-04-01T09:14:53","modified_gmt":"2025-04-01T15:14:53","slug":"desenmascarando-a-aman-amalec-y-hamas","status":"publish","type":"product","link":"https:\/\/www.zionsgospel.com\/es\/tienda\/desenmascarando-a-aman-amalec-y-hamas\/","title":{"rendered":"Desenmascarando a Am\u00e1n, Amalec y Ham\u00e1s"},"content":{"rendered":"","protected":false},"excerpt":{"rendered":"<p><strong>\u00bfQui\u00e9nes son Am\u00e1n, Amalec y Ham\u00e1s, y por qu\u00e9 es importante saberlo?<\/strong><\/p>\n<p>La \u00faltima batalla por el establecimiento del Reino de YHVH ya ha comenzado. Es vital discernir qui\u00e9nes son los enemigos.<\/p>\n<p><strong>Para separar la luz de las tinieblas, debemos:<\/strong><\/p>\n<ul>\n<li>Conocer y desenmascarar a Am\u00e1n y Amalec, los antiguos enemigos de Israel.<\/li>\n<li>Descubrir qui\u00e9n es Ham\u00e1s.<\/li>\n<li>Desacreditar las mentiras de la causa palestina.<\/li>\n<li>Ver a trav\u00e9s de las mentiras y los enga\u00f1os pol\u00edticos.<\/li>\n<li>Descubrir los antiguos pueblos, lugares y portales espirituales.<\/li>\n<li>Profundizar en el conocimiento del plan de YHVH para Israel y las naciones.<\/li>\n<li>Aprender a liberar la bendici\u00f3n de G\u00e9nesis 12:3.<\/li>\n<\/ul>\n","protected":false},"featured_media":13841,"comment_status":"closed","ping_status":"closed","template":"","meta":{"give_campaign_id":0,"_kad_blocks_custom_css":"","_kad_blocks_head_custom_js":"","_kad_blocks_body_custom_js":"","_kad_blocks_footer_custom_js":"","_kad_post_transparent":"","_kad_post_title":"","_kad_post_layout":"","_kad_post_sidebar_id":"","_kad_post_content_style":"","_kad_post_vertical_padding":"","_kad_post_feature":"","_kad_post_feature_position":"","_kad_post_header":false,"_kad_post_footer":false,"_kad_post_classname":""},"product_brand":[],"product_cat":[44],"product_tag":[],"class_list":{"0":"post-14229","1":"product","2":"type-product","3":"status-publish","4":"has-post-thumbnail","6":"product_cat-libros","8":"first","9":"instock","10":"shipping-taxable","11":"purchasable","12":"product-type-variable","13":"entry","14":"content-bg","15":"loop-entry"},"taxonomy_info":{"product_cat":[{"value":44,"label":"Libros"}]},"featured_image_src_large":["https:\/\/www.zionsgospel.com\/wp-content\/uploads\/2025\/04\/SPA-exposing-haman-amalek-and-hamas-654x1024.jpg",654,1024,true],"author_info":[],"comment_info":0,"_links":{"self":[{"href":"https:\/\/www.zionsgospel.com\/es\/wp-json\/wp\/v2\/product\/14229","targetHints":{"allow":["GET"]}}],"collection":[{"href":"https:\/\/www.zionsgospel.com\/es\/wp-json\/wp\/v2\/product"}],"about":[{"href":"https:\/\/www.zionsgospel.com\/es\/wp-json\/wp\/v2\/types\/product"}],"replies":[{"embeddable":true,"href":"https:\/\/www.zionsgospel.com\/es\/wp-json\/wp\/v2\/comments?post=14229"}],"wp:featuredmedia":[{"embeddable":true,"href":"https:\/\/www.zionsgospel.com\/es\/wp-json\/wp\/v2\/media\/13841"}],"wp:attachment":[{"href":"https:\/\/www.zionsgospel.com\/es\/wp-json\/wp\/v2\/media?parent=14229"}],"wp:term":[{"taxonomy":"product_brand","embeddable":true,"href":"https:\/\/www.zionsgospel.com\/es\/wp-json\/wp\/v2\/product_brand?post=14229"},{"taxonomy":"product_cat","embeddable":true,"href":"https:\/\/www.zionsgospel.com\/es\/wp-json\/wp\/v2\/product_cat?post=14229"},{"taxonomy":"product_tag","embeddable":true,"href":"https:\/\/www.zionsgospel.com\/es\/wp-json\/wp\/v2\/product_tag?post=14229"}],"curies":[{"name":"wp","href":"https:\/\/api.w.org\/{rel}","templated":true}]}}