{"id":14080,"date":"2024-04-08T05:35:14","date_gmt":"2024-04-08T11:35:14","guid":{"rendered":"https:\/\/www.zionsgospel.com\/shop\/las-mujeres-poderosas-de-la-biblia\/"},"modified":"2025-05-21T09:19:13","modified_gmt":"2025-05-21T15:19:13","slug":"las-mujeres-poderosas-de-la-biblia","status":"publish","type":"product","link":"https:\/\/www.zionsgospel.com\/es\/tienda\/las-mujeres-poderosas-de-la-biblia\/","title":{"rendered":"Las Mujeres Poderosas de la Biblia"},"content":{"rendered":"<p class=\"kt-adv-heading48196_6d7736-11 wp-block-kadence-advancedheading\" data-kb-block=\"kb-adv-heading48196_6d7736-11\"><strong style=\"font-family: 'Lutschine Narrow', Oswald, Arial, sans-serif; font-size: 22px;\">Videos incluidos:<\/strong><\/p>\n<div class=\"two-columns auto-left-column-width\" style=\"margin-top: 1.5rem;\">\n<div>\n<ol>\n<li>1. Miriam Parte 1<\/li>\n<li>2. Miriam Parte 2<\/li>\n<li>3. La Sunamita<\/li>\n<li>4. D\u00e9bora<\/li>\n<li>5. Yael (Jael)<\/li>\n<li>6. Miriam de Magdala<\/li>\n<li>7. La Mujer con el Flujo de Sangre<\/li>\n<li>8. La Hija de Yiftach (Jeft\u00e9)<\/li>\n<li>9. Sara<\/li>\n<li>10. Rivkah (Rebeca)<\/li>\n<li>11. Raquel<\/li>\n<li>12. Lea<\/li>\n<li>13. Abigail<\/li>\n<li>14. Rut<\/li>\n<li>15. Ester<\/li>\n<li>16. Hulda<\/li>\n<\/ol>\n<\/div>\n<div>\n<h4 style=\"margin-bottom: 0.75em;\"><strong>Ver una muestra de video:<\/strong><\/h4>\n\n<div class=\"wp-block-presto-player-reusable-edit\"><!--presto-player:video_id=8--><figure class=\"wp-block-video presto-block-video  presto-provider-self-hosted\" style=\"--plyr-color-main: var(--presto-player-highlight-color, #d9bf76); --presto-player-logo-width: 150px; \">\n\t<presto-player \n\t\tpreset='{&quot;id&quot;:1,&quot;name&quot;:&quot;Default&quot;,&quot;slug&quot;:&quot;default&quot;,&quot;icon&quot;:&quot;format-video&quot;,&quot;skin&quot;:&quot;default&quot;,&quot;play-large&quot;:true,&quot;rewind&quot;:true,&quot;play&quot;:true,&quot;fast-forward&quot;:true,&quot;progress&quot;:true,&quot;current-time&quot;:true,&quot;mute&quot;:true,&quot;volume&quot;:true,&quot;speed&quot;:false,&quot;pip&quot;:false,&quot;fullscreen&quot;:true,&quot;reset_on_end&quot;:true,&quot;auto_hide&quot;:true,&quot;save_player_position&quot;:true,&quot;sticky_scroll&quot;:false,&quot;hide_youtube&quot;:false,&quot;lazy_load_youtube&quot;:false,&quot;hide_logo&quot;:false,&quot;border_radius&quot;:0,&quot;caption_style&quot;:&quot;&quot;,&quot;caption_background&quot;:&quot;&quot;,&quot;is_locked&quot;:true,&quot;email_collection&quot;:[&quot;&quot;],&quot;action_bar&quot;:[&quot;&quot;],&quot;created_by&quot;:1,&quot;created_at&quot;:&quot;2021-05-15 16:43:23&quot;,&quot;updated_at&quot;:&quot;2022-02-16 10:37:14&quot;,&quot;deleted_at&quot;:&quot;&quot;,&quot;captions_enabled&quot;:false,&quot;sticky_scroll_position&quot;:&quot;bottom right&quot;,&quot;cta&quot;:[&quot;&quot;],&quot;captions&quot;:false,&quot;play_video_viewport&quot;:false,&quot;watermark&quot;:[&quot;&quot;],&quot;on_video_end&quot;:&quot;select&quot;,&quot;search&quot;:[&quot;&quot;],&quot;show_time_elapsed&quot;:false}'\n\t\tbranding='{&quot;logo&quot;:&quot;&quot;,&quot;color&quot;:&quot;#d9bf76&quot;,&quot;logo_width&quot;:150}'\n\t\tchapters='[]'\n\t\toverlays='[]'\n\t\ttracks='[]'\n\t\tblock-attributes='{&quot;playsInline&quot;:true,&quot;preload&quot;:&quot;metadata&quot;,&quot;id&quot;:8,&quot;src&quot;:&quot;https:\\\/\\\/cdn.zionsgospel.com\\\/powerful-women-of-the-bible-series-SPA\\\/SPA-powerful-women-of-the-bible-sample.mp4&quot;,&quot;poster&quot;:&quot;https:\\\/\\\/www.zionsgospel.com\\\/wp-content\\\/uploads\\\/2024\\\/04\\\/powerful-women-of-the-bible-sample.jpg&quot;,&quot;preset&quot;:1,&quot;visibility&quot;:&quot;public&quot;,&quot;color&quot;:&quot;#00b3ff&quot;,&quot;mutedPreview&quot;:{&quot;enabled&quot;:false,&quot;captions&quot;:false},&quot;mutedOverlay&quot;:{&quot;enabled&quot;:false,&quot;src&quot;:&quot;&quot;,&quot;width&quot;:200,&quot;focalPoint&quot;:{&quot;x&quot;:0.5,&quot;y&quot;:0.5}},&quot;mutedOverlayType&quot;:&quot;text&quot;,&quot;mutedOverlayText&quot;:&quot;Click to play&quot;,&quot;mutedOverlayImageWidth&quot;:200,&quot;chapters&quot;:[],&quot;overlays&quot;:[],&quot;tracks&quot;:[],&quot;title&quot;:&quot;https:\\\/\\\/cdn.zionsgospel.com\\\/powerful-women-of-the-bible-series-SPA\\\/SPA-powerful-women-of-the-bible-sample.mp4&quot;}'\n\t\tanalytics=''\n\t\tautomations\t\tprovider='self-hosted'\n\t\t\t\tid=\"presto-player-1\"\n\t\tsrc=\"https:\/\/cdn.zionsgospel.com\/powerful-women-of-the-bible-series-SPA\/SPA-powerful-women-of-the-bible-sample.mp4\"\n\t\tmedia-title=\"https:\/\/cdn.zionsgospel.com\/powerful-women-of-the-bible-series-SPA\/SPA-powerful-women-of-the-bible-sample.mp4\"\n\t\tcss=\"\"\n\t\tclass=\"presto-video-id-8 presto-preset-id-1 skin-default\"\n\t\tskin=\"default\" \n\t\ticon-url=\"https:\/\/www.zionsgospel.com\/wp-content\/plugins\/presto-player\/img\/sprite.svg\" \n\t\tpreload=\"metadata\" \n\t\tposter=\"https:\/\/www.zionsgospel.com\/wp-content\/uploads\/2024\/04\/powerful-women-of-the-bible-sample.jpg\"\n\t\tyoutube=\"{&quot;noCookie&quot;:false,&quot;channelId&quot;:&quot;&quot;,&quot;show_count&quot;:false}\"\n\t\tprovider-video-id=\"\"\n\t\tvideo-id=\"8\"\n\t\t\t\tplaysinline \n\t\t\t\t>\n\t\t            <video controls preload=\"none\">\n            <source src=\"https:\/\/cdn.zionsgospel.com\/powerful-women-of-the-bible-series-SPA\/SPA-powerful-women-of-the-bible-sample.mp4\" \/>\n        <\/video>\n    \n\n\t<\/presto-player>\n<\/figure>\t\t<script type=\"application\/ld+json\">\n\t\t\t{\"@context\":\"https:\\\/\\\/schema.org\",\"@type\":\"VideoObject\",\"name\":\"https:\\\/\\\/cdn.zionsgospel.com\\\/powerful-women-of-the-bible-series-SPA\\\/SPA-powerful-women-of-the-bible-sample.mp4\",\"thumbnailUrl\":\"https:\\\/\\\/www.zionsgospel.com\\\/wp-content\\\/uploads\\\/2024\\\/04\\\/powerful-women-of-the-bible-sample.jpg\",\"uploadDate\":\"2025-01-10T03:00:36-06:00\",\"contentUrl\":\"https:\\\/\\\/cdn.zionsgospel.com\\\/powerful-women-of-the-bible-series-SPA\\\/SPA-powerful-women-of-the-bible-sample.mp4\"}\t\t<\/script>\n\t\t<\/div>\n\n<\/div>\n<\/div>\n","protected":false},"excerpt":{"rendered":"<p class=\"kt-adv-heading48196_b0dc63-9e wp-block-kadence-advancedheading\" data-kb-block=\"kb-adv-heading48196_b0dc63-9e\"><strong>Descubra en las Sagradas Escrituras lo que hizo que mujeres \u00abcomunes\u00bb como Rut, Yael, D\u00e9bora y muchas otras fueran esenciales para el cumplimiento de la voluntad de Elohim en su generaci\u00f3n.<\/strong><\/p>\n<p class=\"kt-adv-heading48196_f40b85-15 wp-block-kadence-advancedheading\" data-kb-block=\"kb-adv-heading48196_f40b85-15\">La Dra. Dominiquae Bierman revela verdades a trav\u00e9s de estas ungidas ense\u00f1anzas, que animar\u00e1n a todos a reevaluar el papel especial que desempe\u00f1an las mujeres. Las tradiciones culturales y religiosas a menudo han encasillado a las mujeres, impidi\u00e9ndoles ser todo aquello para lo que fueron creadas.<\/p>\n<p class=\"kt-adv-heading48196_6d7736-11 wp-block-kadence-advancedheading\" data-kb-block=\"kb-adv-heading48196_6d7736-11\">Al permitir que esta serie de ense\u00f1anzas nos quite las escamas de los ojos, podemos empezar a valorar a las mujeres por los tesoros que son, utilizando la perspectiva del reino de nuestro Creador. Como mujeres, podemos abrazar qui\u00e9nes somos y por qu\u00e9 hemos sido creadas de forma \u00fanica, saliendo de lo ordinario y ampliando nuestra capacidad para convertirnos tambi\u00e9n en transformadoras del mundo.<\/p>\n","protected":false},"featured_media":13624,"comment_status":"closed","ping_status":"closed","template":"","meta":{"give_campaign_id":0,"_kad_blocks_custom_css":"","_kad_blocks_head_custom_js":"","_kad_blocks_body_custom_js":"","_kad_blocks_footer_custom_js":"","_kad_post_transparent":"","_kad_post_title":"","_kad_post_layout":"","_kad_post_sidebar_id":"","_kad_post_content_style":"","_kad_post_vertical_padding":"","_kad_post_feature":"","_kad_post_feature_position":"","_kad_post_header":false,"_kad_post_footer":false,"_kad_post_classname":""},"product_brand":[],"product_cat":[404],"product_tag":[],"class_list":{"0":"post-14080","1":"product","2":"type-product","3":"status-publish","4":"has-post-thumbnail","6":"product_cat-ensenanzas","8":"first","9":"instock","10":"shipping-taxable","11":"purchasable","12":"product-type-variable","13":"entry","14":"content-bg","15":"loop-entry"},"taxonomy_info":{"product_cat":[{"value":404,"label":"Ense\u00f1anzas"}]},"featured_image_src_large":["https:\/\/www.zionsgospel.com\/wp-content\/uploads\/2025\/01\/SPA-powerful-omen-of-the-bible-2-1024x576.jpg",1024,576,true],"author_info":[],"comment_info":0,"_links":{"self":[{"href":"https:\/\/www.zionsgospel.com\/es\/wp-json\/wp\/v2\/product\/14080","targetHints":{"allow":["GET"]}}],"collection":[{"href":"https:\/\/www.zionsgospel.com\/es\/wp-json\/wp\/v2\/product"}],"about":[{"href":"https:\/\/www.zionsgospel.com\/es\/wp-json\/wp\/v2\/types\/product"}],"replies":[{"embeddable":true,"href":"https:\/\/www.zionsgospel.com\/es\/wp-json\/wp\/v2\/comments?post=14080"}],"wp:featuredmedia":[{"embeddable":true,"href":"https:\/\/www.zionsgospel.com\/es\/wp-json\/wp\/v2\/media\/13624"}],"wp:attachment":[{"href":"https:\/\/www.zionsgospel.com\/es\/wp-json\/wp\/v2\/media?parent=14080"}],"wp:term":[{"taxonomy":"product_brand","embeddable":true,"href":"https:\/\/www.zionsgospel.com\/es\/wp-json\/wp\/v2\/product_brand?post=14080"},{"taxonomy":"product_cat","embeddable":true,"href":"https:\/\/www.zionsgospel.com\/es\/wp-json\/wp\/v2\/product_cat?post=14080"},{"taxonomy":"product_tag","embeddable":true,"href":"https:\/\/www.zionsgospel.com\/es\/wp-json\/wp\/v2\/product_tag?post=14080"}],"curies":[{"name":"wp","href":"https:\/\/api.w.org\/{rel}","templated":true}]}}