{"id":14079,"date":"2024-02-29T10:40:49","date_gmt":"2024-02-29T16:40:49","guid":{"rendered":"https:\/\/www.zionsgospel.com\/shop\/el-senor-del-shalom\/"},"modified":"2025-07-01T11:31:31","modified_gmt":"2025-07-01T17:31:31","slug":"el-senor-del-shalom","status":"publish","type":"product","link":"https:\/\/www.zionsgospel.com\/es\/tienda\/el-senor-del-shalom\/","title":{"rendered":"El Se\u00f1or del Shalom"},"content":{"rendered":"<div class=\"two-columns auto-left-column-width\" style=\"margin-top: 1.5rem;\">\n<div>\n<h4 style=\"margin-bottom: 0.75em;\"><strong>Videos incluidos:<\/strong><\/h4>\n<ol>\n<li>1. Avanzando Hacia la Plenitud<\/li>\n<li>2. El Elohim que te Sana<\/li>\n<li>3. Una Alma Saludable<\/li>\n<li>4. Fe y Prosperidad del Alma<\/li>\n<li>5. Actitudes Internas Para la Sanidad<\/li>\n<li>6. Liberaci\u00f3n del Dolor<\/li>\n<li>7. Fuente de Opresi\u00f3n<\/li>\n<li>8. Sanidad Espiritual y Emocional<\/li>\n<li>9. Sanando de los Recuerdos Parte 1<\/li>\n<li>10. Sanando de los Recuerdos Parte 2<\/li>\n<li>11. El Perd\u00f3n Parte 1<\/li>\n<li>12. El Perd\u00f3n Parte 2<\/li>\n<li>13. Perdonar y Olvidar<\/li>\n<\/ol>\n<\/div>\n<div>\n<h4 style=\"margin-bottom: 0.75em;\"><strong>Ver una muestra de video:<\/strong><\/h4>\n\n<div class=\"wp-block-presto-player-reusable-edit\"><!--presto-player:video_id=7--><figure class=\"wp-block-video presto-block-video  presto-provider-self-hosted\" style=\"--plyr-color-main: var(--presto-player-highlight-color, #d9bf76); --presto-player-logo-width: 150px; \">\n\t<presto-player \n\t\tpreset='{&quot;id&quot;:1,&quot;name&quot;:&quot;Default&quot;,&quot;slug&quot;:&quot;default&quot;,&quot;icon&quot;:&quot;format-video&quot;,&quot;skin&quot;:&quot;default&quot;,&quot;play-large&quot;:true,&quot;rewind&quot;:true,&quot;play&quot;:true,&quot;fast-forward&quot;:true,&quot;progress&quot;:true,&quot;current-time&quot;:true,&quot;mute&quot;:true,&quot;volume&quot;:true,&quot;speed&quot;:false,&quot;pip&quot;:false,&quot;fullscreen&quot;:true,&quot;reset_on_end&quot;:true,&quot;auto_hide&quot;:true,&quot;save_player_position&quot;:true,&quot;sticky_scroll&quot;:false,&quot;hide_youtube&quot;:false,&quot;lazy_load_youtube&quot;:false,&quot;hide_logo&quot;:false,&quot;border_radius&quot;:0,&quot;caption_style&quot;:&quot;&quot;,&quot;caption_background&quot;:&quot;&quot;,&quot;is_locked&quot;:true,&quot;email_collection&quot;:[&quot;&quot;],&quot;action_bar&quot;:[&quot;&quot;],&quot;created_by&quot;:1,&quot;created_at&quot;:&quot;2021-05-15 16:43:23&quot;,&quot;updated_at&quot;:&quot;2022-02-16 10:37:14&quot;,&quot;deleted_at&quot;:&quot;&quot;,&quot;captions_enabled&quot;:false,&quot;sticky_scroll_position&quot;:&quot;bottom right&quot;,&quot;cta&quot;:[&quot;&quot;],&quot;captions&quot;:false,&quot;play_video_viewport&quot;:false,&quot;watermark&quot;:[&quot;&quot;],&quot;on_video_end&quot;:&quot;select&quot;,&quot;search&quot;:[&quot;&quot;],&quot;show_time_elapsed&quot;:false}'\n\t\tbranding='{&quot;logo&quot;:&quot;&quot;,&quot;color&quot;:&quot;#d9bf76&quot;,&quot;logo_width&quot;:150}'\n\t\tchapters='[]'\n\t\toverlays='[]'\n\t\ttracks='[]'\n\t\tblock-attributes='{&quot;playsInline&quot;:true,&quot;preload&quot;:&quot;metadata&quot;,&quot;id&quot;:7,&quot;src&quot;:&quot;https:\\\/\\\/cdn.zionsgospel.com\\\/god-of-shalom-series-SPA\\\/SPA-moving-into-wholeness-sample.mp4&quot;,&quot;poster&quot;:&quot;https:\\\/\\\/www.zionsgospel.com\\\/wp-content\\\/uploads\\\/2025\\\/01\\\/spa-moving-into-wholeness-sample.jpg&quot;,&quot;preset&quot;:1,&quot;visibility&quot;:&quot;public&quot;,&quot;color&quot;:&quot;#00b3ff&quot;,&quot;mutedPreview&quot;:{&quot;enabled&quot;:false,&quot;captions&quot;:false},&quot;mutedOverlay&quot;:{&quot;enabled&quot;:false,&quot;src&quot;:&quot;&quot;,&quot;width&quot;:200,&quot;focalPoint&quot;:{&quot;x&quot;:0.5,&quot;y&quot;:0.5}},&quot;mutedOverlayType&quot;:&quot;text&quot;,&quot;mutedOverlayText&quot;:&quot;Click to play&quot;,&quot;mutedOverlayImageWidth&quot;:200,&quot;chapters&quot;:[],&quot;overlays&quot;:[],&quot;tracks&quot;:[],&quot;title&quot;:&quot;https:\\\/\\\/cdn.zionsgospel.com\\\/god-of-shalom-series-SPA\\\/SPA-moving-into-wholeness-sample.mp4&quot;}'\n\t\tanalytics=''\n\t\tautomations\t\tprovider='self-hosted'\n\t\t\t\tid=\"presto-player-1\"\n\t\tsrc=\"https:\/\/cdn.zionsgospel.com\/god-of-shalom-series-SPA\/SPA-moving-into-wholeness-sample.mp4\"\n\t\tmedia-title=\"https:\/\/cdn.zionsgospel.com\/god-of-shalom-series-SPA\/SPA-moving-into-wholeness-sample.mp4\"\n\t\tcss=\"\"\n\t\tclass=\"presto-video-id-7 presto-preset-id-1 skin-default\"\n\t\tskin=\"default\" \n\t\ticon-url=\"https:\/\/www.zionsgospel.com\/wp-content\/plugins\/presto-player\/img\/sprite.svg\" \n\t\tpreload=\"metadata\" \n\t\tposter=\"https:\/\/www.zionsgospel.com\/wp-content\/uploads\/2025\/01\/spa-moving-into-wholeness-sample.jpg\"\n\t\tyoutube=\"{&quot;noCookie&quot;:false,&quot;channelId&quot;:&quot;&quot;,&quot;show_count&quot;:false}\"\n\t\tprovider-video-id=\"\"\n\t\tvideo-id=\"7\"\n\t\t\t\tplaysinline \n\t\t\t\t>\n\t\t            <video controls preload=\"none\">\n            <source src=\"https:\/\/cdn.zionsgospel.com\/god-of-shalom-series-SPA\/SPA-moving-into-wholeness-sample.mp4\" \/>\n        <\/video>\n    \n\n\t<\/presto-player>\n<\/figure>\t\t<script type=\"application\/ld+json\">\n\t\t\t{\"@context\":\"https:\\\/\\\/schema.org\",\"@type\":\"VideoObject\",\"name\":\"https:\\\/\\\/cdn.zionsgospel.com\\\/god-of-shalom-series-SPA\\\/SPA-moving-into-wholeness-sample.mp4\",\"thumbnailUrl\":\"https:\\\/\\\/www.zionsgospel.com\\\/wp-content\\\/uploads\\\/2025\\\/01\\\/spa-moving-into-wholeness-sample.jpg\",\"uploadDate\":\"2025-01-10T02:58:13-06:00\",\"contentUrl\":\"https:\\\/\\\/cdn.zionsgospel.com\\\/god-of-shalom-series-SPA\\\/SPA-moving-into-wholeness-sample.mp4\"}\t\t<\/script>\n\t\t<\/div>\n\n<\/div>\n<\/div>\n","protected":false},"excerpt":{"rendered":"<p><strong>A trav\u00e9s de esta ungida serie de ense\u00f1anzas de la Dra. Dominiquae Bierman, grabada en el Valle del Jord\u00e1n en el \u00e1rea de la antigua Gilgal en Israel, usted experimentar\u00e1 el poder sanador del Se\u00f1or del Shalom.<\/strong><\/p>\n<p>Aprender\u00e1 a superar circunstancias amargas y a salir victorioso. Su viaje hacia la plenitud puede incluir cambios milagrosos instant\u00e1neos y ajustes necesarios en su vida. Con el Se\u00f1or del Shalom, los momentos dif\u00edciles pueden convertirse en pelda\u00f1os en lugar de piedras de tropiezo.<\/p>\n<p><strong>Con la serie de El Se\u00f1or del Shalom usted podr\u00e1:<\/strong><\/p>\n<ul>\n<li>Coprender el secreto de la prosperidad del alma.<\/li>\n<li>Recibir una impartici\u00f3n de la unci\u00f3n y la verdad para traer sanidad y plenitud a su vida.<\/li>\n<li>Aprender a superar la depresi\u00f3n y la ansiedad.<\/li>\n<li>Recibir sanidad por traumas de la vida y aprender a ministrar a otros.<\/li>\n<\/ul>\n","protected":false},"featured_media":12734,"comment_status":"closed","ping_status":"closed","template":"","meta":{"give_campaign_id":0,"_kad_blocks_custom_css":"","_kad_blocks_head_custom_js":"","_kad_blocks_body_custom_js":"","_kad_blocks_footer_custom_js":"","_kad_post_transparent":"","_kad_post_title":"","_kad_post_layout":"","_kad_post_sidebar_id":"","_kad_post_content_style":"","_kad_post_vertical_padding":"","_kad_post_feature":"","_kad_post_feature_position":"","_kad_post_header":false,"_kad_post_footer":false,"_kad_post_classname":""},"product_brand":[],"product_cat":[404],"product_tag":[],"class_list":{"0":"post-14079","1":"product","2":"type-product","3":"status-publish","4":"has-post-thumbnail","6":"product_cat-ensenanzas","8":"first","9":"instock","10":"shipping-taxable","11":"purchasable","12":"product-type-variable","13":"entry","14":"content-bg","15":"loop-entry"},"taxonomy_info":{"product_cat":[{"value":404,"label":"Ense\u00f1anzas"}]},"featured_image_src_large":["https:\/\/www.zionsgospel.com\/wp-content\/uploads\/2025\/01\/el-senor-del-shalom-1024x576.jpg",1024,576,true],"author_info":[],"comment_info":0,"_links":{"self":[{"href":"https:\/\/www.zionsgospel.com\/es\/wp-json\/wp\/v2\/product\/14079","targetHints":{"allow":["GET"]}}],"collection":[{"href":"https:\/\/www.zionsgospel.com\/es\/wp-json\/wp\/v2\/product"}],"about":[{"href":"https:\/\/www.zionsgospel.com\/es\/wp-json\/wp\/v2\/types\/product"}],"replies":[{"embeddable":true,"href":"https:\/\/www.zionsgospel.com\/es\/wp-json\/wp\/v2\/comments?post=14079"}],"wp:featuredmedia":[{"embeddable":true,"href":"https:\/\/www.zionsgospel.com\/es\/wp-json\/wp\/v2\/media\/12734"}],"wp:attachment":[{"href":"https:\/\/www.zionsgospel.com\/es\/wp-json\/wp\/v2\/media?parent=14079"}],"wp:term":[{"taxonomy":"product_brand","embeddable":true,"href":"https:\/\/www.zionsgospel.com\/es\/wp-json\/wp\/v2\/product_brand?post=14079"},{"taxonomy":"product_cat","embeddable":true,"href":"https:\/\/www.zionsgospel.com\/es\/wp-json\/wp\/v2\/product_cat?post=14079"},{"taxonomy":"product_tag","embeddable":true,"href":"https:\/\/www.zionsgospel.com\/es\/wp-json\/wp\/v2\/product_tag?post=14079"}],"curies":[{"name":"wp","href":"https:\/\/api.w.org\/{rel}","templated":true}]}}