{"id":14002,"date":"2024-07-03T14:32:38","date_gmt":"2024-07-03T20:32:38","guid":{"rendered":"https:\/\/www.zionsgospel.com\/shop\/verdaderamente-mesiantico\/"},"modified":"2026-03-02T13:56:56","modified_gmt":"2026-03-02T19:56:56","slug":"verdaderamente-mesianico","status":"publish","type":"product","link":"https:\/\/www.zionsgospel.com\/es\/tienda\/verdaderamente-mesianico\/","title":{"rendered":"Verdaderamente Mesi\u00e1nico"},"content":{"rendered":"","protected":false},"excerpt":{"rendered":"<h3><strong>Sea UNGIDO y EMPODERADO por el Espir\u00edtu Santo<\/strong><\/h3>\n<p><strong>\u00bfEst\u00e1 preparado para ser VERDADERAMENTE MESI\u00c1NICO y unirse a la Revoluci\u00f3n MAP?<\/strong><\/p>\n<p>El tiempo se acaba y los dias son malos. Para ser vencedores, debemos recuperar la plenitud del poder del Espiritu Santo que poseian los ap\u00f3stoles jud\u00edos del siglo I.<\/p>\n<p>Se est\u00e1 produciendo una revoluci\u00f3n MAP (Mesi\u00e1nica-Apost\u00f3lica-Prof\u00e9tica), un nuevo impulso del movimiento mesi\u00e1nico, que ahora est\u00e1 abarcando todo el planeta. Este movimiento promueve la uni\u00f3n de la Tor\u00e1 y el Ruaj, la Palabra y el Esp\u00edritu, el fruto y los dones, el amor y el poder. En ultima instancia, esto formar\u00e1 al Nuevo Hombre, la esposa del Mes\u00edas: somos judios y gentiles injertados en el mismo olivo, llenos y fortalecidos por el mismo Esp\u00edritu Santo, adorando al mismo Mes\u00edas judio, cuyo nombre es Yeshua.<\/p>\n<p><em>\u201cPero no ruego solo por estos, sino tambi\u00e9n por los que han de creer en M\u00ed por Ia palabra de ellos&#8230; La gloria que me diste les he dado, para que sean UNO, as\u00ed como Nosotros somos UNO\u2014\u201d<br \/>\n<\/em>Juan 17:20, 22<\/p>\n","protected":false},"featured_media":13577,"comment_status":"closed","ping_status":"closed","template":"","meta":{"give_campaign_id":0,"_kad_blocks_custom_css":"","_kad_blocks_head_custom_js":"","_kad_blocks_body_custom_js":"","_kad_blocks_footer_custom_js":"","_kad_post_transparent":"default","_kad_post_title":"","_kad_post_layout":"default","_kad_post_sidebar_id":"","_kad_post_content_style":"default","_kad_post_vertical_padding":"default","_kad_post_feature":"","_kad_post_feature_position":"","_kad_post_header":false,"_kad_post_footer":false,"_kad_post_classname":""},"product_brand":[],"product_cat":[44],"product_tag":[],"class_list":{"0":"post-14002","1":"product","2":"type-product","3":"status-publish","4":"has-post-thumbnail","6":"product_cat-libros","8":"first","9":"instock","10":"featured","11":"shipping-taxable","12":"purchasable","13":"product-type-variable","14":"entry","15":"content-bg","16":"loop-entry"},"taxonomy_info":{"product_cat":[{"value":44,"label":"Libros"}]},"featured_image_src_large":["https:\/\/www.zionsgospel.com\/wp-content\/uploads\/2024\/11\/SPA-truly-messianic-2-658x1024.jpg",658,1024,true],"author_info":[],"comment_info":0,"_links":{"self":[{"href":"https:\/\/www.zionsgospel.com\/es\/wp-json\/wp\/v2\/product\/14002","targetHints":{"allow":["GET"]}}],"collection":[{"href":"https:\/\/www.zionsgospel.com\/es\/wp-json\/wp\/v2\/product"}],"about":[{"href":"https:\/\/www.zionsgospel.com\/es\/wp-json\/wp\/v2\/types\/product"}],"replies":[{"embeddable":true,"href":"https:\/\/www.zionsgospel.com\/es\/wp-json\/wp\/v2\/comments?post=14002"}],"wp:featuredmedia":[{"embeddable":true,"href":"https:\/\/www.zionsgospel.com\/es\/wp-json\/wp\/v2\/media\/13577"}],"wp:attachment":[{"href":"https:\/\/www.zionsgospel.com\/es\/wp-json\/wp\/v2\/media?parent=14002"}],"wp:term":[{"taxonomy":"product_brand","embeddable":true,"href":"https:\/\/www.zionsgospel.com\/es\/wp-json\/wp\/v2\/product_brand?post=14002"},{"taxonomy":"product_cat","embeddable":true,"href":"https:\/\/www.zionsgospel.com\/es\/wp-json\/wp\/v2\/product_cat?post=14002"},{"taxonomy":"product_tag","embeddable":true,"href":"https:\/\/www.zionsgospel.com\/es\/wp-json\/wp\/v2\/product_tag?post=14002"}],"curies":[{"name":"wp","href":"https:\/\/api.w.org\/{rel}","templated":true}]}}