{"id":13859,"date":"2024-04-19T12:46:11","date_gmt":"2024-04-19T18:46:11","guid":{"rendered":"https:\/\/www.zionsgospel.com\/shop\/el-factor-israel\/"},"modified":"2024-04-19T12:46:11","modified_gmt":"2024-04-19T18:46:11","slug":"el-factor-israel","status":"publish","type":"product","link":"https:\/\/www.zionsgospel.com\/es\/tienda\/el-factor-israel\/","title":{"rendered":"El Factor Israel"},"content":{"rendered":"","protected":false},"excerpt":{"rendered":"<p>Esta recopilaci\u00f3n de art\u00edculos prof\u00e9ticos abarca m\u00e1s de 15 a\u00f1os de advertir a las naciones sobre los peligros de la falsa narrativa de la causa palestina. Cuando el 7 de octubre de 2023 tuvo lugar la brutal e indescriptible masacre perpetrada por Ham\u00e1s contra civiles israel\u00edes que amaban la paz, dej\u00f3 a muchos tambale\u00e1ndose y pregunt\u00e1ndose:<\/p>\n<p><em>\u201c\u00bfPor qu\u00e9?\u201d, \u201c\u00bfDe d\u00f3nde viene esta crueldad y este odio?\u201d<\/em><\/p>\n<p>Durante la Guerra Espadas de Hierro, la Dra. Dominiquae Bierman, una ministra israel\u00ed-estadounidense, estuvo en el terreno desde el 7 de octubre de 2023 hasta el 30 de enero de 2024. El coraz\u00f3n palpitante de YHVH est\u00e1 en sus cartas, tanto antiguas como nuevas. La claridad en ellas responde a las preguntas de por qu\u00e9 sucedi\u00f3, qui\u00e9n es realmente Ham\u00e1s y por qu\u00e9 un Estado palestino no es una soluci\u00f3n sino un enga\u00f1o. Con amplio apoyo b\u00edblico y una clara advertencia a las naciones sobre el juicio que se avecina, \u00a1El Factor Israel es un tema que no te puedes perder!<\/p>\n","protected":false},"featured_media":13641,"comment_status":"closed","ping_status":"closed","template":"","meta":{"give_campaign_id":0,"_kad_blocks_custom_css":"","_kad_blocks_head_custom_js":"","_kad_blocks_body_custom_js":"","_kad_blocks_footer_custom_js":"","_kad_post_transparent":"","_kad_post_title":"","_kad_post_layout":"","_kad_post_sidebar_id":"","_kad_post_content_style":"","_kad_post_vertical_padding":"","_kad_post_feature":"","_kad_post_feature_position":"","_kad_post_header":false,"_kad_post_footer":false,"_kad_post_classname":""},"product_brand":[],"product_cat":[44],"product_tag":[],"class_list":{"0":"post-13859","1":"product","2":"type-product","3":"status-publish","4":"has-post-thumbnail","6":"product_cat-libros","8":"first","9":"instock","10":"featured","11":"shipping-taxable","12":"purchasable","13":"product-type-variable","14":"entry","15":"content-bg","16":"loop-entry"},"taxonomy_info":{"product_cat":[{"value":44,"label":"Libros"}]},"featured_image_src_large":["https:\/\/www.zionsgospel.com\/wp-content\/uploads\/2024\/11\/el-factor-israel-682x1024.jpg",682,1024,true],"author_info":[],"comment_info":0,"_links":{"self":[{"href":"https:\/\/www.zionsgospel.com\/es\/wp-json\/wp\/v2\/product\/13859","targetHints":{"allow":["GET"]}}],"collection":[{"href":"https:\/\/www.zionsgospel.com\/es\/wp-json\/wp\/v2\/product"}],"about":[{"href":"https:\/\/www.zionsgospel.com\/es\/wp-json\/wp\/v2\/types\/product"}],"replies":[{"embeddable":true,"href":"https:\/\/www.zionsgospel.com\/es\/wp-json\/wp\/v2\/comments?post=13859"}],"wp:featuredmedia":[{"embeddable":true,"href":"https:\/\/www.zionsgospel.com\/es\/wp-json\/wp\/v2\/media\/13641"}],"wp:attachment":[{"href":"https:\/\/www.zionsgospel.com\/es\/wp-json\/wp\/v2\/media?parent=13859"}],"wp:term":[{"taxonomy":"product_brand","embeddable":true,"href":"https:\/\/www.zionsgospel.com\/es\/wp-json\/wp\/v2\/product_brand?post=13859"},{"taxonomy":"product_cat","embeddable":true,"href":"https:\/\/www.zionsgospel.com\/es\/wp-json\/wp\/v2\/product_cat?post=13859"},{"taxonomy":"product_tag","embeddable":true,"href":"https:\/\/www.zionsgospel.com\/es\/wp-json\/wp\/v2\/product_tag?post=13859"}],"curies":[{"name":"wp","href":"https:\/\/api.w.org\/{rel}","templated":true}]}}