{"id":12755,"date":"2023-08-28T15:32:21","date_gmt":"2023-08-28T21:32:21","guid":{"rendered":"https:\/\/www.zionsgospel.com\/shop\/la-voz-de-estas-cenizas\/"},"modified":"2026-03-24T10:38:55","modified_gmt":"2026-03-24T16:38:55","slug":"la-voz-de-estas-cenizas","status":"publish","type":"product","link":"https:\/\/www.zionsgospel.com\/es\/tienda\/la-voz-de-estas-cenizas\/","title":{"rendered":"La Voz de Estas Cenizas"},"content":{"rendered":"","protected":false},"excerpt":{"rendered":"<h3>\u00bfPor qu\u00e9 claman las cenizas?<\/h3>\n<p>En Auschwitz, Treblinka, Sobibor, Majdanek, Babi Yar, Ucrania, y en muchos otros lugares, la sangre del pueblo jud\u00edo se derram\u00f3 o se convirti\u00f3 en cenizas. Esta sangre y estas cenizas fueron a parar a la tierra all\u00ed donde cayeron. Pero la tierra nunca permanece en un lugar; migra con los vientos, la lluvia, la actividad geol\u00f3gica y el paso de los a\u00f1os. Estas cenizas, ahora mezcladas con la tierra, se han esparcido por todo el mundo, llevando la esencia de su conmovedor grito a tu mundo, iglesia, comunidad, ciudad y naci\u00f3n.<br \/>\n\u00bfSobre qu\u00e9 clam\u00f3 la sangre de Abel al creador? \u00bfSobre qu\u00e9 claman al Creador del universo la sangre y las cenizas de los jud\u00edos exterminados durante la Sho\u00e1 (Holocausto nazi), los pogromos rusos, la inquisici\u00f3n espa\u00f1ola, las cruzadas cristianas, el terror isl\u00e1mico y mucho m\u00e1s? \u00bfY por qu\u00e9 deber\u00eda importarle a usted, lector? Esto es lo que descubrir\u00e1 en las p\u00e1ginas de este libro.<\/p>\n<p>La Ap\u00f3stol Dra. Dominiquae Bierman, jud\u00eda de origen sefard\u00ed y fundadora y presidenta de las Naciones Unidas por Israel, ha viajado con su esposo, el Rabino Baruch, a m\u00e1s de 50 naciones llamando a la gente a arrepentirse por todo antisemitismo y a restituir a Israel y al pueblo jud\u00edo. Milagros asombrosos han seguido su ministerio y muchos han recibido la salvaci\u00f3n, la sanidad y la liberaci\u00f3n a trav\u00e9s de Yeshua, el Mes\u00edas jud\u00edo.<\/p>\n","protected":false},"featured_media":11946,"comment_status":"closed","ping_status":"closed","template":"","meta":{"give_campaign_id":0,"_kad_blocks_custom_css":"","_kad_blocks_head_custom_js":"","_kad_blocks_body_custom_js":"","_kad_blocks_footer_custom_js":"","_kad_post_transparent":"","_kad_post_title":"","_kad_post_layout":"","_kad_post_sidebar_id":"","_kad_post_content_style":"","_kad_post_vertical_padding":"","_kad_post_feature":"","_kad_post_feature_position":"","_kad_post_header":false,"_kad_post_footer":false,"_kad_post_classname":""},"product_brand":[],"product_cat":[44],"product_tag":[],"class_list":{"0":"post-12755","1":"product","2":"type-product","3":"status-publish","4":"has-post-thumbnail","6":"product_cat-libros","8":"first","9":"instock","10":"featured","11":"shipping-taxable","12":"purchasable","13":"product-type-variable","14":"entry","15":"content-bg","16":"loop-entry"},"taxonomy_info":{"product_cat":[{"value":44,"label":"Libros"}]},"featured_image_src_large":["https:\/\/www.zionsgospel.com\/wp-content\/uploads\/2024\/03\/SPA-T-The-Voice-of-These-Ashes-cover-1-655x1024.jpg",655,1024,true],"author_info":[],"comment_info":0,"_links":{"self":[{"href":"https:\/\/www.zionsgospel.com\/es\/wp-json\/wp\/v2\/product\/12755","targetHints":{"allow":["GET"]}}],"collection":[{"href":"https:\/\/www.zionsgospel.com\/es\/wp-json\/wp\/v2\/product"}],"about":[{"href":"https:\/\/www.zionsgospel.com\/es\/wp-json\/wp\/v2\/types\/product"}],"replies":[{"embeddable":true,"href":"https:\/\/www.zionsgospel.com\/es\/wp-json\/wp\/v2\/comments?post=12755"}],"wp:featuredmedia":[{"embeddable":true,"href":"https:\/\/www.zionsgospel.com\/es\/wp-json\/wp\/v2\/media\/11946"}],"wp:attachment":[{"href":"https:\/\/www.zionsgospel.com\/es\/wp-json\/wp\/v2\/media?parent=12755"}],"wp:term":[{"taxonomy":"product_brand","embeddable":true,"href":"https:\/\/www.zionsgospel.com\/es\/wp-json\/wp\/v2\/product_brand?post=12755"},{"taxonomy":"product_cat","embeddable":true,"href":"https:\/\/www.zionsgospel.com\/es\/wp-json\/wp\/v2\/product_cat?post=12755"},{"taxonomy":"product_tag","embeddable":true,"href":"https:\/\/www.zionsgospel.com\/es\/wp-json\/wp\/v2\/product_tag?post=12755"}],"curies":[{"name":"wp","href":"https:\/\/api.w.org\/{rel}","templated":true}]}}