{"id":2812,"date":"2021-12-07T14:30:09","date_gmt":"2021-12-07T20:30:09","guid":{"rendered":"https:\/\/www.zionsgospel.com\/escuela-biblica-agimap\/"},"modified":"2025-09-24T14:38:19","modified_gmt":"2025-09-24T20:38:19","slug":"escuela-biblica-agimap","status":"publish","type":"page","link":"https:\/\/www.zionsgospel.com\/es\/escuela-biblica-agimap\/","title":{"rendered":"Escuela B\u00edblica AGIMAP"},"content":{"rendered":"<style>.kb-row-layout-id1049_67216d-b2 > .kt-row-column-wrap{align-content:start;}:where(.kb-row-layout-id1049_67216d-b2 > .kt-row-column-wrap) > .wp-block-kadence-column{justify-content:start;}.kb-row-layout-id1049_67216d-b2 > .kt-row-column-wrap{column-gap:var(--global-kb-gap-md, 2rem);row-gap:var(--global-kb-gap-md, 2rem);max-width:900px;margin-left:auto;margin-right:auto;padding-top:80px;padding-bottom:120px;grid-template-columns:minmax(0, 1fr);}.kb-row-layout-id1049_67216d-b2{background-image:url('https:\/\/www.zionsgospel.com\/wp-content\/uploads\/2025\/09\/grm-jerusalem.jpg');background-size:cover;background-position:50% 50%;background-attachment:scroll;background-repeat:no-repeat;}.kb-row-layout-id1049_67216d-b2 > .kt-row-layout-overlay{opacity:0.55;background-color:var(--global-palette5, #4A5568);mix-blend-mode:normal;}.kb-row-layout-id1049_67216d-b2 .kt-row-layout-bottom-sep{height:100px;}.kb-row-layout-id1049_67216d-b2 .kt-row-layout-bottom-sep svg{width:100%;}.kb-row-layout-id1049_67216d-b2 .kt-row-layout-bottom-sep svg{fill:#ffffff!important;}@media all and (max-width: 1024px){.kb-row-layout-id1049_67216d-b2 > .kt-row-column-wrap{grid-template-columns:minmax(0, 1fr);}}@media all and (max-width: 1024px){.kb-row-layout-id1049_67216d-b2 .kt-row-layout-bottom-sep{height:px;}}@media all and (max-width: 1024px){.kb-row-layout-id1049_67216d-b2 .kt-row-layout-bottom-sep svg{width:%;}}@media all and (max-width: 767px){.kb-row-layout-id1049_67216d-b2 > .kt-row-column-wrap{grid-template-columns:minmax(0, 1fr);}.kb-row-layout-id1049_67216d-b2 .kt-row-layout-bottom-sep{height:px;}.kb-row-layout-id1049_67216d-b2 .kt-row-layout-bottom-sep svg{width:%;}}<\/style><div class=\"kb-row-layout-wrap kb-row-layout-id1049_67216d-b2 alignfull kt-row-has-bg wp-block-kadence-rowlayout\"><div class=\"kt-row-layout-overlay kt-row-overlay-normal\"><\/div><div class=\"kt-row-layout-bottom-sep kt-row-sep-type-threelevels\"><svg viewBox=\"0 0 1000 100\" preserveAspectRatio=\"none\"><path style=\"opacity: 0.33\" d=\"M0 95L1000 0v100H0v-5z\"><\/path><path style=\"opacity: 0.66\" d=\"M0 95l1000-67.944V100H0v-5z\"><\/path><path d=\"M0 95l1000-40.887V100H0v-5z\"><\/path><\/svg><\/div><div class=\"kt-row-column-wrap kt-has-1-columns kt-row-layout-equal kt-tab-layout-inherit kt-mobile-layout-row kt-row-valign-top\">\n<style>.kadence-column1049_2f8bad-e0 > .kt-inside-inner-col,.kadence-column1049_2f8bad-e0 > .kt-inside-inner-col:before{border-top-left-radius:0px;border-top-right-radius:0px;border-bottom-right-radius:0px;border-bottom-left-radius:0px;}.kadence-column1049_2f8bad-e0 > .kt-inside-inner-col{column-gap:var(--global-kb-gap-sm, 1rem);}.kadence-column1049_2f8bad-e0 > .kt-inside-inner-col{flex-direction:column;}.kadence-column1049_2f8bad-e0 > .kt-inside-inner-col > .aligncenter{width:100%;}.kadence-column1049_2f8bad-e0 > .kt-inside-inner-col:before{opacity:0.3;}.kadence-column1049_2f8bad-e0{position:relative;}@media all and (max-width: 1024px){.kadence-column1049_2f8bad-e0 > .kt-inside-inner-col{flex-direction:column;justify-content:center;}}@media all and (max-width: 767px){.kadence-column1049_2f8bad-e0 > .kt-inside-inner-col{flex-direction:column;justify-content:center;}}<\/style>\n<div class=\"wp-block-kadence-column kadence-column1049_2f8bad-e0 inner-column-1\"><div class=\"kt-inside-inner-col\"><div class=\"wp-block-image\">\n<figure class=\"aligncenter size-large is-resized\"><img loading=\"lazy\" decoding=\"async\" width=\"481\" height=\"492\" src=\"https:\/\/www.zionsgospel.com\/wp-content\/uploads\/2021\/05\/grm-logo.png\" alt=\"Escuela B&#xED;blica AGIMAP\" class=\"wp-image-1013\" style=\"width:241px;height:246px\" srcset=\"https:\/\/www.zionsgospel.com\/wp-content\/uploads\/2021\/05\/grm-logo.png 481w, https:\/\/www.zionsgospel.com\/wp-content\/uploads\/2021\/05\/grm-logo-300x307.png 300w\" sizes=\"auto, (max-width: 481px) 100vw, 481px\" \/><\/figure>\n<\/div>\n\n\n<p><\/p>\n<\/div><\/div>\n\n<\/div><\/div><style>.wp-block-kadence-spacer.kt-block-spacer-1049_aebd01-52 .kt-block-spacer{height:30px;}.wp-block-kadence-spacer.kt-block-spacer-1049_aebd01-52 .kt-divider{border-top-width:1px;height:1px;border-top-color:#eee;width:80%;border-top-style:solid;}<\/style>\n<div class=\"wp-block-kadence-spacer aligncenter kt-block-spacer-1049_aebd01-52\"><div class=\"kt-block-spacer kt-block-spacer-halign-center\"><\/div><\/div>\n<style>.wp-block-kadence-advancedheading.kt-adv-heading1049_51964d-67, .wp-block-kadence-advancedheading.kt-adv-heading1049_51964d-67[data-kb-block=\"kb-adv-heading1049_51964d-67\"]{font-style:normal;}.wp-block-kadence-advancedheading.kt-adv-heading1049_51964d-67 mark.kt-highlight, .wp-block-kadence-advancedheading.kt-adv-heading1049_51964d-67[data-kb-block=\"kb-adv-heading1049_51964d-67\"] mark.kt-highlight{font-style:normal;color:#f76a0c;-webkit-box-decoration-break:clone;box-decoration-break:clone;padding-top:0px;padding-right:0px;padding-bottom:0px;padding-left:0px;}.wp-block-kadence-advancedheading.kt-adv-heading1049_51964d-67 img.kb-inline-image, .wp-block-kadence-advancedheading.kt-adv-heading1049_51964d-67[data-kb-block=\"kb-adv-heading1049_51964d-67\"] img.kb-inline-image{width:150px;vertical-align:baseline;}<\/style>\n<h3 class=\"kt-adv-heading1049_51964d-67 wp-block-kadence-advancedheading\" data-kb-block=\"kb-adv-heading1049_51964d-67\"><strong>Es Tiempo de Equipar una Nueva Clase de L\u00edderes y Creyentes en el Cuerpo del Mes\u00edas<\/strong><\/h3>\n\n<p><em>Ahora bien, si sobre este fundamento alguien edifica con oro, plata, piedras preciosas, madera, heno, paja, la obra de cada uno se har\u00e1 evidente; porque el d\u00eda la dar\u00e1 a conocer, pues con fuego ser\u00e1 revelada. El fuego mismo probar\u00e1 la calidad de la obra de cada uno. Si permanece la obra de alguien que ha edificado sobre el fundamento, recibir\u00e1 recompensa.<\/em>\u00a0<strong>1 Corintios 3:12-14<\/strong><\/p>\n<style>.wp-block-kadence-advancedheading.kt-adv-heading1049_014d28-39, .wp-block-kadence-advancedheading.kt-adv-heading1049_014d28-39[data-kb-block=\"kb-adv-heading1049_014d28-39\"]{font-style:normal;}.wp-block-kadence-advancedheading.kt-adv-heading1049_014d28-39 mark.kt-highlight, .wp-block-kadence-advancedheading.kt-adv-heading1049_014d28-39[data-kb-block=\"kb-adv-heading1049_014d28-39\"] mark.kt-highlight{font-style:normal;color:#f76a0c;-webkit-box-decoration-break:clone;box-decoration-break:clone;padding-top:0px;padding-right:0px;padding-bottom:0px;padding-left:0px;}.wp-block-kadence-advancedheading.kt-adv-heading1049_014d28-39 img.kb-inline-image, .wp-block-kadence-advancedheading.kt-adv-heading1049_014d28-39[data-kb-block=\"kb-adv-heading1049_014d28-39\"] img.kb-inline-image{width:150px;vertical-align:baseline;}<\/style>\n<h3 class=\"kt-adv-heading1049_014d28-39 wp-block-kadence-advancedheading\" data-kb-block=\"kb-adv-heading1049_014d28-39\"><strong>\u00bfQu\u00e9 es AGIMAP?<\/strong><\/h3>\n\n<p>La <a href=\"https:\/\/www.grmbibleschool.com\/es\/\" target=\"_blank\" rel=\"noopener\">Escuela B\u00edblica de Avivamiento Global Israel\u00ed MAP (AGIMAP)<\/a> naci\u00f3 en Israel y se basa principalmente en el programa de televisi\u00f3n \u00abClamor de Avivamiento\u00bb de la Ap\u00f3stol jud\u00eda-israel\u00ed Dra. Dominiquae, que cambia vidas. \u00a1La Ap\u00f3stol produjo cada programa bajo la poderosa unci\u00f3n del Esp\u00edritu Santo!<\/p>\n\n<p>Este impactante plan de estudios incluye muchos de sus libros, cuyo contenido ha sido plantado en los corazones de todo el mundo y ha sido usado por el Esp\u00edritu Santo para transformar las vidas de los creyentes desde 1995. Abundan los <a rel=\"noreferrer noopener\" href=\"https:\/\/www.grmbibleschool.com\/es\/testimonios\/\" target=\"_blank\">testimonios<\/a>\u00a0de personas y congregaciones que han sido impactadas por este material.<\/p>\n<style>.wp-block-kadence-advancedheading.kt-adv-heading1049_b3d950-f7, .wp-block-kadence-advancedheading.kt-adv-heading1049_b3d950-f7[data-kb-block=\"kb-adv-heading1049_b3d950-f7\"]{font-style:normal;}.wp-block-kadence-advancedheading.kt-adv-heading1049_b3d950-f7 mark.kt-highlight, .wp-block-kadence-advancedheading.kt-adv-heading1049_b3d950-f7[data-kb-block=\"kb-adv-heading1049_b3d950-f7\"] mark.kt-highlight{font-style:normal;color:#f76a0c;-webkit-box-decoration-break:clone;box-decoration-break:clone;padding-top:0px;padding-right:0px;padding-bottom:0px;padding-left:0px;}.wp-block-kadence-advancedheading.kt-adv-heading1049_b3d950-f7 img.kb-inline-image, .wp-block-kadence-advancedheading.kt-adv-heading1049_b3d950-f7[data-kb-block=\"kb-adv-heading1049_b3d950-f7\"] img.kb-inline-image{width:150px;vertical-align:baseline;}<\/style>\n<h3 class=\"kt-adv-heading1049_b3d950-f7 wp-block-kadence-advancedheading\" data-kb-block=\"kb-adv-heading1049_b3d950-f7\"><strong>Prop\u00f3sito<\/strong><\/h3>\n\n<p>La <a href=\"https:\/\/www.grmbibleschool.com\/es\/\" target=\"_blank\" rel=\"noopener\">Escuela B\u00edblica del AGIMAP<\/a> ha sido creada para formar l\u00edderes conocedores, \u00a1libres y ungidos! Es de f\u00e1cil acceso, simplemente conect\u00e1ndose en l\u00ednea desde cualquier lugar en el que se encuentre.<\/p>\n\n<p>Confiamos en que el material presentado a trav\u00e9s de la Escuela B\u00edblica del AGIMAP cambiar\u00e1 tu vida y la de muchos a trav\u00e9s de ti. \u00a1Esta Escuela B\u00edblica restaura lo que se ha perdido en la Iglesia desde el siglo IV!<\/p>\n<style>.wp-block-kadence-advancedheading.kt-adv-heading1049_3f3963-b6, .wp-block-kadence-advancedheading.kt-adv-heading1049_3f3963-b6[data-kb-block=\"kb-adv-heading1049_3f3963-b6\"]{font-style:normal;}.wp-block-kadence-advancedheading.kt-adv-heading1049_3f3963-b6 mark.kt-highlight, .wp-block-kadence-advancedheading.kt-adv-heading1049_3f3963-b6[data-kb-block=\"kb-adv-heading1049_3f3963-b6\"] mark.kt-highlight{font-style:normal;color:#f76a0c;-webkit-box-decoration-break:clone;box-decoration-break:clone;padding-top:0px;padding-right:0px;padding-bottom:0px;padding-left:0px;}.wp-block-kadence-advancedheading.kt-adv-heading1049_3f3963-b6 img.kb-inline-image, .wp-block-kadence-advancedheading.kt-adv-heading1049_3f3963-b6[data-kb-block=\"kb-adv-heading1049_3f3963-b6\"] img.kb-inline-image{width:150px;vertical-align:baseline;}<\/style>\n<h3 class=\"kt-adv-heading1049_3f3963-b6 wp-block-kadence-advancedheading\" data-kb-block=\"kb-adv-heading1049_3f3963-b6\"><strong>AGIMAP vs. Seminarios Tradicionales<\/strong><\/h3>\n\n<p>Las Escuelas B\u00edblicas tradicionales no tienen la respuesta porque carecen de la Historia de la Iglesia, de las ra\u00edces jud\u00edas de la fe y de Israel. En cambio, la mayor\u00eda de las escuelas b\u00edblicas ense\u00f1an una mezcla de teolog\u00eda de reemplazo con la Palabra. Los l\u00edderes MAP (mesi\u00e1nicos, apost\u00f3licos, prof\u00e9ticos) del tiempo final no tendr\u00e1n ninguno de los bloqueos de la teolog\u00eda del reemplazo y sabr\u00e1n que est\u00e1n injertados en el Olivo con Israel. En su lugar, ser\u00e1n l\u00edderes que conocer\u00e1n el Evangelio tal y como fue predicado por el propio Mes\u00edas jud\u00edo y sus primeros ap\u00f3stoles jud\u00edos seguidos por se\u00f1ales, maravillas y milagros.<\/p>\n<style>.wp-block-kadence-advancedheading.kt-adv-heading1049_acea3d-38, .wp-block-kadence-advancedheading.kt-adv-heading1049_acea3d-38[data-kb-block=\"kb-adv-heading1049_acea3d-38\"]{font-style:normal;}.wp-block-kadence-advancedheading.kt-adv-heading1049_acea3d-38 mark.kt-highlight, .wp-block-kadence-advancedheading.kt-adv-heading1049_acea3d-38[data-kb-block=\"kb-adv-heading1049_acea3d-38\"] mark.kt-highlight{font-style:normal;color:#f76a0c;-webkit-box-decoration-break:clone;box-decoration-break:clone;padding-top:0px;padding-right:0px;padding-bottom:0px;padding-left:0px;}.wp-block-kadence-advancedheading.kt-adv-heading1049_acea3d-38 img.kb-inline-image, .wp-block-kadence-advancedheading.kt-adv-heading1049_acea3d-38[data-kb-block=\"kb-adv-heading1049_acea3d-38\"] img.kb-inline-image{width:150px;vertical-align:baseline;}<\/style>\n<h3 class=\"kt-adv-heading1049_acea3d-38 wp-block-kadence-advancedheading\" data-kb-block=\"kb-adv-heading1049_acea3d-38\"><strong>La Importancia<\/strong><\/h3>\n\n<p>En estos tiempos dif\u00edciles de tormentas y sacudidas, \u00a1el \u00abevangelio de la gracia barata\u00bb no tiene respuestas s\u00f3lidas! Debemos arrepentirnos y ser restaurados al temor de YAH (Dios) de la misma manera que la Iglesia Primitiva experiment\u00f3 cuando caminaron en mucha Gloria y autoridad. \u00a1Es hora de que se levante una Iglesia, como Ester, Rut y Cornelio, y sea una bendici\u00f3n para Israel usando la Llave de Abraham de G\u00e9nesis 12:3 para abrir naciones enteras para el avivamiento!<\/p>\n\n<p>Si est\u00e1s listo para fluir en la Revoluci\u00f3n MAP, donde el siglo XXI ser\u00e1 como el siglo I, ven y equ\u00edpate: la Escuela B\u00edblica de Avivamiento Global Israel\u00ed MAP cambiar\u00e1 tu vida y, a trav\u00e9s de ti, la vida de otros.<\/p>\n<style>.wp-block-kadence-advancedheading.kt-adv-heading1049_43d525-6e, .wp-block-kadence-advancedheading.kt-adv-heading1049_43d525-6e[data-kb-block=\"kb-adv-heading1049_43d525-6e\"]{font-style:normal;}.wp-block-kadence-advancedheading.kt-adv-heading1049_43d525-6e mark.kt-highlight, .wp-block-kadence-advancedheading.kt-adv-heading1049_43d525-6e[data-kb-block=\"kb-adv-heading1049_43d525-6e\"] mark.kt-highlight{font-style:normal;color:#f76a0c;-webkit-box-decoration-break:clone;box-decoration-break:clone;padding-top:0px;padding-right:0px;padding-bottom:0px;padding-left:0px;}.wp-block-kadence-advancedheading.kt-adv-heading1049_43d525-6e img.kb-inline-image, .wp-block-kadence-advancedheading.kt-adv-heading1049_43d525-6e[data-kb-block=\"kb-adv-heading1049_43d525-6e\"] img.kb-inline-image{width:150px;vertical-align:baseline;}<\/style>\n<h3 class=\"kt-adv-heading1049_43d525-6e wp-block-kadence-advancedheading\" data-kb-block=\"kb-adv-heading1049_43d525-6e\"><strong>\u00bfEst\u00e1s listo? Empieza a estudiar en l\u00ednea hoy mismo.<\/strong><\/h3>\n\n<p>Est\u00e1 levant\u00e1ndose un Ej\u00e9rcito feroz, amoroso, santo, poderoso, veraz, Mesi\u00e1nico, Apost\u00f3lico y Prof\u00e9tico, y t\u00fa est\u00e1s llamado a tomar tu posici\u00f3n como soldado del Mes\u00edas.<\/p>\n<style>.wp-block-kadence-advancedbtn.kb-btns1049_94228d-e6{gap:var(--global-kb-gap-xs, 0.5rem );justify-content:flex-start;align-items:center;}.kt-btns1049_94228d-e6 .kt-button{font-weight:normal;font-style:normal;}<\/style>\n<div class=\"wp-block-kadence-advancedbtn kb-buttons-wrap kb-btns1049_94228d-e6\"><style>ul.menu .wp-block-kadence-advancedbtn .kb-btn1049_80db81-3d.kb-button{width:initial;}<\/style><a class=\"kb-button kt-button button kb-btn1049_80db81-3d kt-btn-size-large kt-btn-width-type-auto kb-btn-global-inherit  kt-btn-has-text-true kt-btn-has-svg-false  wp-block-button__link wp-block-kadence-singlebtn\" href=\"https:\/\/www.grmbibleschool.com\/es\/\" target=\"_blank\" rel=\"noopener\"><span class=\"kt-btn-inner-text\">COMIENZA TUS ESTUDIOS<\/span><\/a>\n\n<style>ul.menu .wp-block-kadence-advancedbtn .kb-btn1049_ab9f1c-37.kb-button{width:initial;}.wp-block-kadence-advancedbtn .kb-btn1049_ab9f1c-37.kb-button{background:var(--global-palette2, #2B6CB0);}.wp-block-kadence-advancedbtn .kb-btn1049_ab9f1c-37.kb-button:hover, .wp-block-kadence-advancedbtn .kb-btn1049_ab9f1c-37.kb-button:focus{background:#b02626;}<\/style><a class=\"kb-button kt-button button kb-btn1049_ab9f1c-37 kt-btn-size-large kt-btn-width-type-auto kb-btn-global-inherit  kt-btn-has-text-true kt-btn-has-svg-true  wp-block-button__link wp-block-kadence-singlebtn\" href=\"https:\/\/www.zionsgospel.com\/es\/donativos\/\"><span class=\"kb-svg-icon-wrap kb-svg-icon-ic_heart kt-btn-icon-side-left\"><svg viewBox=\"0 0 8 8\"  fill=\"currentColor\" xmlns=\"http:\/\/www.w3.org\/2000\/svg\"  aria-hidden=\"true\"><path d=\"M2 0c-.55 0-1.04.23-1.41.59-.36.36-.59.85-.59 1.41 0 .55.23 1.04.59 1.41l3.41 3.41 3.41-3.41c.36-.36.59-.85.59-1.41 0-.55-.23-1.04-.59-1.41-.36-.36-.85-.59-1.41-.59-.55 0-1.04.23-1.41.59-.36.36-.59.85-.59 1.41 0-.55-.23-1.04-.59-1.41-.36-.36-.85-.59-1.41-.59z\" transform=\"translate(0 1)\"\/><\/svg><\/span><span class=\"kt-btn-inner-text\">DONATIVOS<\/span><\/a><\/div>\n","protected":false},"excerpt":{"rendered":"<p>Es Tiempo de Equipar una Nueva Clase de L\u00edderes y Creyentes en el Cuerpo del Mes\u00edas Ahora bien, si sobre este fundamento alguien edifica con oro, plata, piedras preciosas, madera, heno, paja, la obra de cada uno se har\u00e1 evidente; porque el d\u00eda la dar\u00e1 a conocer, pues con fuego ser\u00e1 revelada. El fuego mismo&#8230;<\/p>\n","protected":false},"author":1,"featured_media":0,"parent":0,"menu_order":0,"comment_status":"closed","ping_status":"closed","template":"","meta":{"give_campaign_id":0,"_kad_blocks_custom_css":"","_kad_blocks_head_custom_js":"","_kad_blocks_body_custom_js":"","_kad_blocks_footer_custom_js":"","_kad_post_transparent":"","_kad_post_title":"hide","_kad_post_layout":"","_kad_post_sidebar_id":"","_kad_post_content_style":"","_kad_post_vertical_padding":"bottom","_kad_post_feature":"","_kad_post_feature_position":"","_kad_post_header":false,"_kad_post_footer":false,"_kad_post_classname":"","footnotes":""},"class_list":["post-2812","page","type-page","status-publish","hentry"],"campaignId":"","taxonomy_info":[],"featured_image_src_large":false,"author_info":{"display_name":"W B","author_link":"https:\/\/www.zionsgospel.com\/es\/author\/victor\/"},"comment_info":0,"_links":{"self":[{"href":"https:\/\/www.zionsgospel.com\/es\/wp-json\/wp\/v2\/pages\/2812","targetHints":{"allow":["GET"]}}],"collection":[{"href":"https:\/\/www.zionsgospel.com\/es\/wp-json\/wp\/v2\/pages"}],"about":[{"href":"https:\/\/www.zionsgospel.com\/es\/wp-json\/wp\/v2\/types\/page"}],"author":[{"embeddable":true,"href":"https:\/\/www.zionsgospel.com\/es\/wp-json\/wp\/v2\/users\/1"}],"replies":[{"embeddable":true,"href":"https:\/\/www.zionsgospel.com\/es\/wp-json\/wp\/v2\/comments?post=2812"}],"version-history":[{"count":8,"href":"https:\/\/www.zionsgospel.com\/es\/wp-json\/wp\/v2\/pages\/2812\/revisions"}],"predecessor-version":[{"id":15682,"href":"https:\/\/www.zionsgospel.com\/es\/wp-json\/wp\/v2\/pages\/2812\/revisions\/15682"}],"wp:attachment":[{"href":"https:\/\/www.zionsgospel.com\/es\/wp-json\/wp\/v2\/media?parent=2812"}],"curies":[{"name":"wp","href":"https:\/\/api.w.org\/{rel}","templated":true}]}}