{"id":7731,"date":"2022-07-07T15:29:55","date_gmt":"2022-07-07T21:29:55","guid":{"rendered":"https:\/\/www.zionsgospel.com\/shop\/die-spinne-die-den-hurrikan-irma-uberlebte\/"},"modified":"2022-07-07T15:29:55","modified_gmt":"2022-07-07T21:29:55","slug":"die-spinne-die-den-hurrikan-irma-uberlebte","status":"publish","type":"product","link":"https:\/\/www.zionsgospel.com\/de\/shop\/die-spinne-die-den-hurrikan-irma-uberlebte\/","title":{"rendered":"Die Spinne, die den Hurrikan Irma \u00fcberlebte"},"content":{"rendered":"<p>Erzbisch\u00f6fin Dr. Dominiquae Bierman, eine Israelin und amerikanische B\u00fcrgerin, tritt in den Riss f\u00fcr Amerika mit ihrer Botschaft der Busse und Wiederherstellung zu den j\u00fcdischen Wurzeln des Glaubens, wie sie von den J\u00fcngern von Yeshua (Jesus) vor 2000 Jahren gepredigt wurde. Der Gott Israels l\u00e4sst eine Warnung ert\u00f6nen, wenn Er die M\u00e4chte der<br \/>\nNatur gebraucht um die Aufmerksamkeit Seines Volkes zu erhalten.<\/p>\n<p>Dieses Buch enth\u00e4lt einen DRINGENDEN SCHREI an den Pr\u00e4sidenten, an die nationalen F\u00fchrer und an das amerikanische Volk BUSSE ZU TUN wegen des \u201cGebrochenen Versprechens die<br \/>\nAmerikanische Botschaft von Tel Aviv nach Jerusalem zu verlegen\u201d und wegen der Legalisierung der Homosexuellen-Ehen und wegen \u201cder Sanktionierung des Mordes von Millionen von unschuldigen Babies, deren Blut von der Erde schreit.\u201d<\/p>\n<p>Diese Dinge haben die Nasen eines zornigen Gottes erreicht. Lasst Euch nicht t\u00e4uschen! Es ist nicht die Mutter Natur, die Florida durch den Hurrikan Irma und Texas durch Harvey<br \/>\nangegriffen hat. Es ist Vater Gott, der die Kr\u00e4fte der Natur geschaffen hat und sie GEBRAUCHT, um Seinen Willen durchzusetzen!<\/p>\n<p>Adonai, ich habe den Bericht \u00fcber Dich geh\u00f6rt und ich zittere vor Furcht. Adonai, belebe Dein Werk mit den Jahren, m\u00f6ge es mit den Jahren<br \/>\nbekannt werden, im Zorn erinnere Dich an Deine Gnade. Habakuk 3:2<\/p>\n","protected":false},"excerpt":{"rendered":"<p>DIE SPINNE, DIE DEN HURRIKAN IRMA \u00dcBERLEBTE.<br \/>\nDiese Hurrikan-Warnung ist kein Scherz.<br \/>\nVon Erzbisch\u00f6fin Dominiquae Bierman<\/p>\n<p><strong>Downloads are available after checkout.<\/strong><\/p>\n","protected":false},"featured_media":7711,"comment_status":"closed","ping_status":"closed","template":"","meta":{"give_campaign_id":0,"_kad_blocks_custom_css":"","_kad_blocks_head_custom_js":"","_kad_blocks_body_custom_js":"","_kad_blocks_footer_custom_js":"","_kad_post_transparent":"","_kad_post_title":"","_kad_post_layout":"","_kad_post_sidebar_id":"","_kad_post_content_style":"","_kad_post_vertical_padding":"","_kad_post_feature":"","_kad_post_feature_position":"","_kad_post_header":false,"_kad_post_footer":false,"_kad_post_classname":""},"product_brand":[],"product_cat":[347],"product_tag":[],"class_list":{"0":"post-7731","1":"product","2":"type-product","3":"status-publish","4":"has-post-thumbnail","6":"product_cat-freie-downloads","8":"first","9":"instock","10":"shipping-taxable","11":"purchasable","12":"product-type-variable","13":"entry","14":"content-bg","15":"loop-entry"},"taxonomy_info":{"product_cat":[{"value":347,"label":"Freie Downloads"}]},"featured_image_src_large":["https:\/\/www.zionsgospel.com\/wp-content\/uploads\/2022\/07\/The-Spider-That-Survived-Hurricane-Irma-722x1024.jpg",722,1024,true],"author_info":[],"comment_info":0,"_links":{"self":[{"href":"https:\/\/www.zionsgospel.com\/de\/wp-json\/wp\/v2\/product\/7731","targetHints":{"allow":["GET"]}}],"collection":[{"href":"https:\/\/www.zionsgospel.com\/de\/wp-json\/wp\/v2\/product"}],"about":[{"href":"https:\/\/www.zionsgospel.com\/de\/wp-json\/wp\/v2\/types\/product"}],"replies":[{"embeddable":true,"href":"https:\/\/www.zionsgospel.com\/de\/wp-json\/wp\/v2\/comments?post=7731"}],"wp:featuredmedia":[{"embeddable":true,"href":"https:\/\/www.zionsgospel.com\/de\/wp-json\/wp\/v2\/media\/7711"}],"wp:attachment":[{"href":"https:\/\/www.zionsgospel.com\/de\/wp-json\/wp\/v2\/media?parent=7731"}],"wp:term":[{"taxonomy":"product_brand","embeddable":true,"href":"https:\/\/www.zionsgospel.com\/de\/wp-json\/wp\/v2\/product_brand?post=7731"},{"taxonomy":"product_cat","embeddable":true,"href":"https:\/\/www.zionsgospel.com\/de\/wp-json\/wp\/v2\/product_cat?post=7731"},{"taxonomy":"product_tag","embeddable":true,"href":"https:\/\/www.zionsgospel.com\/de\/wp-json\/wp\/v2\/product_tag?post=7731"}],"curies":[{"name":"wp","href":"https:\/\/api.w.org\/{rel}","templated":true}]}}