{"id":7450,"date":"2022-07-07T14:52:02","date_gmt":"2022-07-07T20:52:03","guid":{"rendered":"https:\/\/www.zionsgospel.com\/?post_type=product&#038;p=7450"},"modified":"2023-03-15T09:19:18","modified_gmt":"2023-03-15T15:19:18","slug":"die-map-revolution-frei","status":"publish","type":"product","link":"https:\/\/www.zionsgospel.com\/de\/shop\/die-map-revolution-frei\/","title":{"rendered":"Die MAP Revolution"},"content":{"rendered":"","protected":false},"excerpt":{"rendered":"<p>Es findet eine nicht aufh\u00f6rende geistliche Revolution statt. Das himmlische Schofar wurde geh\u00f6rt um dem Leib des Messias zu befehlen aus der 1900 Jahre andauernden irref\u00fchrenden Ersatztheologie heraus zu kommen in die urspr\u00fcnglichen hebr\u00e4ischen Fundamente des Glaubens. Yeshua (Jesus) ist bereit zur\u00fcckzukommen. BIST DU BEREIT? Dieses Buch h\u00e4tte man auch ANTICHRIST BLOSSGELEGT nennen k\u00f6nnen.<\/p>\n","protected":false},"featured_media":5298,"comment_status":"closed","ping_status":"closed","template":"","meta":{"give_campaign_id":0,"_kad_blocks_custom_css":"","_kad_blocks_head_custom_js":"","_kad_blocks_body_custom_js":"","_kad_blocks_footer_custom_js":"","_kad_post_transparent":"","_kad_post_title":"","_kad_post_layout":"","_kad_post_sidebar_id":"","_kad_post_content_style":"","_kad_post_vertical_padding":"","_kad_post_feature":"","_kad_post_feature_position":"","_kad_post_header":false,"_kad_post_footer":false,"_kad_post_classname":""},"product_brand":[],"product_cat":[347],"product_tag":[],"class_list":{"0":"post-7450","1":"product","2":"type-product","3":"status-publish","4":"has-post-thumbnail","6":"product_cat-freie-downloads","7":"product_shipping_class-all-products-de","9":"first","10":"instock","11":"shipping-taxable","12":"purchasable","13":"product-type-variable","14":"entry","15":"content-bg","16":"loop-entry"},"taxonomy_info":{"product_cat":[{"value":347,"label":"Freie Downloads"}]},"featured_image_src_large":["https:\/\/www.zionsgospel.com\/wp-content\/uploads\/2021\/07\/The-MAP-Revolution-E-Book-Cover-664x1024.jpg",664,1024,true],"author_info":[],"comment_info":0,"_links":{"self":[{"href":"https:\/\/www.zionsgospel.com\/de\/wp-json\/wp\/v2\/product\/7450","targetHints":{"allow":["GET"]}}],"collection":[{"href":"https:\/\/www.zionsgospel.com\/de\/wp-json\/wp\/v2\/product"}],"about":[{"href":"https:\/\/www.zionsgospel.com\/de\/wp-json\/wp\/v2\/types\/product"}],"replies":[{"embeddable":true,"href":"https:\/\/www.zionsgospel.com\/de\/wp-json\/wp\/v2\/comments?post=7450"}],"wp:featuredmedia":[{"embeddable":true,"href":"https:\/\/www.zionsgospel.com\/de\/wp-json\/wp\/v2\/media\/5298"}],"wp:attachment":[{"href":"https:\/\/www.zionsgospel.com\/de\/wp-json\/wp\/v2\/media?parent=7450"}],"wp:term":[{"taxonomy":"product_brand","embeddable":true,"href":"https:\/\/www.zionsgospel.com\/de\/wp-json\/wp\/v2\/product_brand?post=7450"},{"taxonomy":"product_cat","embeddable":true,"href":"https:\/\/www.zionsgospel.com\/de\/wp-json\/wp\/v2\/product_cat?post=7450"},{"taxonomy":"product_tag","embeddable":true,"href":"https:\/\/www.zionsgospel.com\/de\/wp-json\/wp\/v2\/product_tag?post=7450"}],"curies":[{"name":"wp","href":"https:\/\/api.w.org\/{rel}","templated":true}]}}