{"id":7312,"date":"2022-07-07T11:36:31","date_gmt":"2022-07-07T17:36:32","guid":{"rendered":"https:\/\/www.zionsgospel.com\/?post_type=product&#038;p=7312"},"modified":"2022-07-07T11:44:28","modified_gmt":"2022-07-07T17:44:28","slug":"die-erweckung-des-dritten-tages-frei","status":"publish","type":"product","link":"https:\/\/www.zionsgospel.com\/de\/shop\/die-erweckung-des-dritten-tages-frei\/","title":{"rendered":"Die Erweckung des dritten Tages"},"content":{"rendered":"","protected":false},"excerpt":{"rendered":"<p>Die Erweckung des dritten Tages ruft uns zu Ihm zur\u00fcckzukehren, zu Yeshua dem j\u00fcdischen Messias und zur Liebe und EHRE des j\u00fcdischen Volkes, dem Israel von HEUTE, die die Mutter der Nationen ist! Yeshua ruft uns die Waffen niederzulegen, unsere L\u00fcgen und Arroganz, und auch allen Streit und IHN zu suchen. Nur Er kann uns wiederhertellen, wen Wir BUSSE TUN von all unseren pers\u00f6nlichen S\u00fcnden und falschen Lehren. Wir M\u00dcSSEN IHN SUCHEN.<\/p>\n","protected":false},"featured_media":5358,"comment_status":"closed","ping_status":"closed","template":"","meta":{"give_campaign_id":0,"_kad_blocks_custom_css":"","_kad_blocks_head_custom_js":"","_kad_blocks_body_custom_js":"","_kad_blocks_footer_custom_js":"","_kad_post_transparent":"","_kad_post_title":"","_kad_post_layout":"","_kad_post_sidebar_id":"","_kad_post_content_style":"","_kad_post_vertical_padding":"","_kad_post_feature":"","_kad_post_feature_position":"","_kad_post_header":false,"_kad_post_footer":false,"_kad_post_classname":""},"product_brand":[],"product_cat":[347],"product_tag":[],"class_list":{"0":"post-7312","1":"product","2":"type-product","3":"status-publish","4":"has-post-thumbnail","6":"product_cat-freie-downloads","8":"first","9":"instock","10":"shipping-taxable","11":"purchasable","12":"product-type-variable","13":"entry","14":"content-bg","15":"loop-entry"},"taxonomy_info":{"product_cat":[{"value":347,"label":"Freie Downloads"}]},"featured_image_src_large":["https:\/\/www.zionsgospel.com\/wp-content\/uploads\/2021\/07\/The-Revival-of-the-Third-Day-E-Book-Cover-663x1024.jpg",663,1024,true],"author_info":[],"comment_info":0,"_links":{"self":[{"href":"https:\/\/www.zionsgospel.com\/de\/wp-json\/wp\/v2\/product\/7312","targetHints":{"allow":["GET"]}}],"collection":[{"href":"https:\/\/www.zionsgospel.com\/de\/wp-json\/wp\/v2\/product"}],"about":[{"href":"https:\/\/www.zionsgospel.com\/de\/wp-json\/wp\/v2\/types\/product"}],"replies":[{"embeddable":true,"href":"https:\/\/www.zionsgospel.com\/de\/wp-json\/wp\/v2\/comments?post=7312"}],"wp:featuredmedia":[{"embeddable":true,"href":"https:\/\/www.zionsgospel.com\/de\/wp-json\/wp\/v2\/media\/5358"}],"wp:attachment":[{"href":"https:\/\/www.zionsgospel.com\/de\/wp-json\/wp\/v2\/media?parent=7312"}],"wp:term":[{"taxonomy":"product_brand","embeddable":true,"href":"https:\/\/www.zionsgospel.com\/de\/wp-json\/wp\/v2\/product_brand?post=7312"},{"taxonomy":"product_cat","embeddable":true,"href":"https:\/\/www.zionsgospel.com\/de\/wp-json\/wp\/v2\/product_cat?post=7312"},{"taxonomy":"product_tag","embeddable":true,"href":"https:\/\/www.zionsgospel.com\/de\/wp-json\/wp\/v2\/product_tag?post=7312"}],"curies":[{"name":"wp","href":"https:\/\/api.w.org\/{rel}","templated":true}]}}