{"id":5428,"date":"2023-03-15T03:56:47","date_gmt":"2023-03-15T09:56:47","guid":{"rendered":"https:\/\/www.zionsgospel.com\/?post_type=product&#038;p=5428"},"modified":"2023-03-15T03:56:47","modified_gmt":"2023-03-15T09:56:47","slug":"suchtige-wenden-sich-zu-gott","status":"publish","type":"product","link":"https:\/\/www.zionsgospel.com\/de\/shop\/suchtige-wenden-sich-zu-gott\/","title":{"rendered":"S\u00fcchtige wenden sich zu Gott"},"content":{"rendered":"","protected":false},"excerpt":{"rendered":"<p>Ich war ersch\u00f6pft. Ich habe jeden Abend w\u00e4hrend der letzten neun Monate C. gedient seitdem ich sie zu mir nach Hause nahm. Sie war die Freundin des prominentesten columbianischen Drogenh\u00e4ndlers in Tel Aviv. Sie war eine Christin aber jetzt war sie auf Drogen und sie war voller Drogen.<\/p>\n<p>Dann sprach Gott zu mir, \u201cFliege aus Israel hinaus und ziehe Dich 10 Tage lang mit mir zur\u00fcck\u201d. Ich gehorchte und das Resultat dieser Reise ist dieses Buch. 10 Tage lang sass Yeshua in diesem Hotelzimmer neben mir und diktierte mir den gr\u00f6ssten Teil des Inhalts! Was Er mir offenbarte hat mich effektiver mit schwierigen Personen gemacht und hat auch meinen Verstand bewahrt. Wenn Du Dich um irgendeinen S\u00fcchtigen, einschliesslich einen Geisteskranken k\u00fcmmerst, dann ben\u00f6tigst Du dieses Handbuch!<\/p>\n","protected":false},"featured_media":5433,"comment_status":"closed","ping_status":"closed","template":"","meta":{"give_campaign_id":0,"_kad_blocks_custom_css":"","_kad_blocks_head_custom_js":"","_kad_blocks_body_custom_js":"","_kad_blocks_footer_custom_js":"","_kad_post_transparent":"","_kad_post_title":"","_kad_post_layout":"","_kad_post_sidebar_id":"","_kad_post_content_style":"","_kad_post_vertical_padding":"","_kad_post_feature":"","_kad_post_feature_position":"","_kad_post_header":false,"_kad_post_footer":false,"_kad_post_classname":""},"product_brand":[],"product_cat":[162],"product_tag":[],"class_list":{"0":"post-5428","1":"product","2":"type-product","3":"status-publish","4":"has-post-thumbnail","6":"product_cat-bucher","7":"product_shipping_class-all-products-de","9":"first","10":"instock","11":"shipping-taxable","12":"purchasable","13":"product-type-variable","14":"entry","15":"content-bg","16":"loop-entry"},"taxonomy_info":{"product_cat":[{"value":162,"label":"B\u00fccher"}]},"featured_image_src_large":["https:\/\/www.zionsgospel.com\/wp-content\/uploads\/2021\/07\/ATG-E-Book-Cover-663x1024.jpg",663,1024,true],"author_info":[],"comment_info":0,"_links":{"self":[{"href":"https:\/\/www.zionsgospel.com\/de\/wp-json\/wp\/v2\/product\/5428","targetHints":{"allow":["GET"]}}],"collection":[{"href":"https:\/\/www.zionsgospel.com\/de\/wp-json\/wp\/v2\/product"}],"about":[{"href":"https:\/\/www.zionsgospel.com\/de\/wp-json\/wp\/v2\/types\/product"}],"replies":[{"embeddable":true,"href":"https:\/\/www.zionsgospel.com\/de\/wp-json\/wp\/v2\/comments?post=5428"}],"wp:featuredmedia":[{"embeddable":true,"href":"https:\/\/www.zionsgospel.com\/de\/wp-json\/wp\/v2\/media\/5433"}],"wp:attachment":[{"href":"https:\/\/www.zionsgospel.com\/de\/wp-json\/wp\/v2\/media?parent=5428"}],"wp:term":[{"taxonomy":"product_brand","embeddable":true,"href":"https:\/\/www.zionsgospel.com\/de\/wp-json\/wp\/v2\/product_brand?post=5428"},{"taxonomy":"product_cat","embeddable":true,"href":"https:\/\/www.zionsgospel.com\/de\/wp-json\/wp\/v2\/product_cat?post=5428"},{"taxonomy":"product_tag","embeddable":true,"href":"https:\/\/www.zionsgospel.com\/de\/wp-json\/wp\/v2\/product_tag?post=5428"}],"curies":[{"name":"wp","href":"https:\/\/api.w.org\/{rel}","templated":true}]}}