{"id":5394,"date":"2021-02-07T20:34:20","date_gmt":"2021-02-08T02:34:20","guid":{"rendered":"https:\/\/www.zionsgospel.com\/shop\/von-sickologie-zu-einer-gesunden-logik\/"},"modified":"2023-03-14T15:46:29","modified_gmt":"2023-03-14T21:46:29","slug":"von-sickologie-zu-einer-gesunden-logik","status":"publish","type":"product","link":"https:\/\/www.zionsgospel.com\/de\/shop\/von-sickologie-zu-einer-gesunden-logik\/","title":{"rendered":"Von Sickologie zu einer gesunden Logik"},"content":{"rendered":"","protected":false},"excerpt":{"rendered":"<p>Dieses Buch ist das Produkt eines 18j\u00e4hrigen Wandels durch psychiatrische Kliniken, in denen ich meine Lieben versorgte. Ich habe unz\u00e4hlige geiteskranke Patienten gesehen, f\u00fcr sie gebetet und sie besucht. Ich habe mit vielen Psychiatern und Psychologen gesprochen. Ich musste um das geistliche Wohlbefinden meiner Lieben k\u00e4mpfen, einschliesslich meine Mutter, mein Bruder, meine Kinder und einige meiner geistlichen Kinder und J\u00fcnger.<\/p>\n<p>Jedoch h\u00e4tten meine pers\u00f6nlichen Erfahrungen nicht ausgereicht um dieses Buch zu schreiben. Das Wort Gottes ist die h\u00f6chste Autorit\u00e4t als das Textbuch f\u00fcr den menschlichen Verstand. Schliesslich war es doch Elohim, der Sch\u00f6pfer von Himmel und Erde, der unseren Verstand geschaffen hat! Nat\u00fcrlich hat Er uns nicht ohne eine Gebrauchsanweisung gelassen!<\/p>\n<p>Daher steht \u00fcber aller Psychologie oder jeder anderen \u201cologie\u201d das Wort Gottes. Darin wirst Du alle Antworten f\u00fcr die Wehen und Gebrechen der Menschheit finden. Die grosse Neuigkeit ist, dass dieses ewige Buch DIE HEILUNG enth\u00e4lt und daher ist es meine Absicht, dass Du die unfehlbare und ewige Heilung f\u00fcr alle betr\u00fcbten Sinne findest.<\/p>\n","protected":false},"featured_media":5398,"comment_status":"closed","ping_status":"closed","template":"","meta":{"give_campaign_id":0,"_kad_blocks_custom_css":"","_kad_blocks_head_custom_js":"","_kad_blocks_body_custom_js":"","_kad_blocks_footer_custom_js":"","_kad_post_transparent":"","_kad_post_title":"","_kad_post_layout":"","_kad_post_sidebar_id":"","_kad_post_content_style":"","_kad_post_vertical_padding":"","_kad_post_feature":"","_kad_post_feature_position":"","_kad_post_header":false,"_kad_post_footer":false,"_kad_post_classname":""},"product_brand":[],"product_cat":[162],"product_tag":[],"class_list":{"0":"post-5394","1":"product","2":"type-product","3":"status-publish","4":"has-post-thumbnail","6":"product_cat-bucher","7":"product_shipping_class-all-products-de","9":"first","10":"instock","11":"shipping-taxable","12":"purchasable","13":"product-type-variable","14":"entry","15":"content-bg","16":"loop-entry"},"taxonomy_info":{"product_cat":[{"value":162,"label":"B\u00fccher"}]},"featured_image_src_large":["https:\/\/www.zionsgospel.com\/wp-content\/uploads\/2021\/07\/From-Sickology-to-a-Healthy-Logic-E-Book-Cover-663x1024.jpg",663,1024,true],"author_info":[],"comment_info":0,"_links":{"self":[{"href":"https:\/\/www.zionsgospel.com\/de\/wp-json\/wp\/v2\/product\/5394","targetHints":{"allow":["GET"]}}],"collection":[{"href":"https:\/\/www.zionsgospel.com\/de\/wp-json\/wp\/v2\/product"}],"about":[{"href":"https:\/\/www.zionsgospel.com\/de\/wp-json\/wp\/v2\/types\/product"}],"replies":[{"embeddable":true,"href":"https:\/\/www.zionsgospel.com\/de\/wp-json\/wp\/v2\/comments?post=5394"}],"wp:featuredmedia":[{"embeddable":true,"href":"https:\/\/www.zionsgospel.com\/de\/wp-json\/wp\/v2\/media\/5398"}],"wp:attachment":[{"href":"https:\/\/www.zionsgospel.com\/de\/wp-json\/wp\/v2\/media?parent=5394"}],"wp:term":[{"taxonomy":"product_brand","embeddable":true,"href":"https:\/\/www.zionsgospel.com\/de\/wp-json\/wp\/v2\/product_brand?post=5394"},{"taxonomy":"product_cat","embeddable":true,"href":"https:\/\/www.zionsgospel.com\/de\/wp-json\/wp\/v2\/product_cat?post=5394"},{"taxonomy":"product_tag","embeddable":true,"href":"https:\/\/www.zionsgospel.com\/de\/wp-json\/wp\/v2\/product_tag?post=5394"}],"curies":[{"name":"wp","href":"https:\/\/api.w.org\/{rel}","templated":true}]}}