{"id":5195,"date":"2021-02-07T20:34:20","date_gmt":"2021-02-08T02:34:20","guid":{"rendered":"https:\/\/www.zionsgospel.com\/shop\/yeshua-ist-der-name\/"},"modified":"2023-01-02T06:44:50","modified_gmt":"2023-01-02T12:44:50","slug":"yeshua-ist-der-name","status":"publish","type":"product","link":"https:\/\/www.zionsgospel.com\/de\/shop\/yeshua-ist-der-name\/","title":{"rendered":"Yeshua ist der Name"},"content":{"rendered":"","protected":false},"excerpt":{"rendered":"<p>Yeshua (Jesus) wird erst wiederkommen, wenn alle Dinge wiederhergestellt sind. Unter den \u201callen Dingen\u201d ist eines der wichtigsten, wenn nicht das WICHTIGSTE, die Wiederherstellung Seines heiligen Namens. Sein wahrer Name ging wegen der Ersatztheologie verloren, die als Kirchenlehre zur Zeit des Konzils von Nic\u00e4a festgesetzt wurde. Dieses Konzil hat die Kirche von allem J\u00fcdischen und von Seinem wahren j\u00fcdischen Namen des Messias getrennt. Vor der R\u00fcckkehr von Yeshua werden alle Dinge wiederhergestellt werden,<br \/>\neinschliesslich der j\u00fcdischen Wurzeln des Glaubens an den Messias und den Namen des Messias. Da Er nicht als Grieche sondern als Jude geboren wurde, ist Seine Identit\u00e4t als Jude  gemeinsam mit Seinem urspr\u00fcnglichen und ewigen Namen ein ausserordentlich wichtiger Teil dieser Endzeit-Wiederherstellung aller Dinge.<\/p>\n","protected":false},"featured_media":5206,"comment_status":"closed","ping_status":"closed","template":"","meta":{"give_campaign_id":0,"_kad_blocks_custom_css":"","_kad_blocks_head_custom_js":"","_kad_blocks_body_custom_js":"","_kad_blocks_footer_custom_js":"","_kad_post_transparent":"","_kad_post_title":"","_kad_post_layout":"","_kad_post_sidebar_id":"","_kad_post_content_style":"","_kad_post_vertical_padding":"","_kad_post_feature":"","_kad_post_feature_position":"","_kad_post_header":false,"_kad_post_footer":false,"_kad_post_classname":""},"product_brand":[],"product_cat":[162],"product_tag":[],"class_list":{"0":"post-5195","1":"product","2":"type-product","3":"status-publish","4":"has-post-thumbnail","6":"product_cat-bucher","7":"product_shipping_class-all-products-de","9":"first","10":"instock","11":"shipping-taxable","12":"purchasable","13":"product-type-variable","14":"entry","15":"content-bg","16":"loop-entry"},"taxonomy_info":{"product_cat":[{"value":162,"label":"B\u00fccher"}]},"featured_image_src_large":["https:\/\/www.zionsgospel.com\/wp-content\/uploads\/2021\/07\/Yeshua-Is-The-Name-E-Book-Cover-663x1024.jpg",663,1024,true],"author_info":[],"comment_info":0,"_links":{"self":[{"href":"https:\/\/www.zionsgospel.com\/de\/wp-json\/wp\/v2\/product\/5195","targetHints":{"allow":["GET"]}}],"collection":[{"href":"https:\/\/www.zionsgospel.com\/de\/wp-json\/wp\/v2\/product"}],"about":[{"href":"https:\/\/www.zionsgospel.com\/de\/wp-json\/wp\/v2\/types\/product"}],"replies":[{"embeddable":true,"href":"https:\/\/www.zionsgospel.com\/de\/wp-json\/wp\/v2\/comments?post=5195"}],"wp:featuredmedia":[{"embeddable":true,"href":"https:\/\/www.zionsgospel.com\/de\/wp-json\/wp\/v2\/media\/5206"}],"wp:attachment":[{"href":"https:\/\/www.zionsgospel.com\/de\/wp-json\/wp\/v2\/media?parent=5195"}],"wp:term":[{"taxonomy":"product_brand","embeddable":true,"href":"https:\/\/www.zionsgospel.com\/de\/wp-json\/wp\/v2\/product_brand?post=5195"},{"taxonomy":"product_cat","embeddable":true,"href":"https:\/\/www.zionsgospel.com\/de\/wp-json\/wp\/v2\/product_cat?post=5195"},{"taxonomy":"product_tag","embeddable":true,"href":"https:\/\/www.zionsgospel.com\/de\/wp-json\/wp\/v2\/product_tag?post=5195"}],"curies":[{"name":"wp","href":"https:\/\/api.w.org\/{rel}","templated":true}]}}