{"id":5081,"date":"2021-02-07T20:34:20","date_gmt":"2021-02-08T02:34:20","guid":{"rendered":"https:\/\/www.zionsgospel.com\/shop\/ja\/"},"modified":"2023-03-14T15:33:11","modified_gmt":"2023-03-14T21:33:11","slug":"ja","status":"publish","type":"product","link":"https:\/\/www.zionsgospel.com\/de\/shop\/ja\/","title":{"rendered":"Ja!"},"content":{"rendered":"","protected":false},"excerpt":{"rendered":"<p>Das Zeugnis der fesselnden und spannenden Errettung der Israelin Dominiquae Bierman. Nachdem sie als Trainerin in der israelischen Armee diente, bekam sie Eheprobleme und suchte im Okkultismus nach Antworten. Obwohl ihr niemand Zeugnis gab, h\u00f6rte sie die Stimme Yeshuas, der zu ihr sprach: \u2018 \u201cDominiquae, laufe um Dein Leben, lasse Dich taufen und lasse Dich retten.\u201d<\/p>\n<p>Mit einer starken prophetischen Salbung auf ihrem Leben l\u00e4uft sie immer noch, predigt das Evangelium weltweit. Dieses Buch ist ein ideales Geschenk f\u00fcr den j\u00fcdischen Freund, dem Du Zeugnis gegeben hast und es ist auch ein inspirierendes Buch, das Du auch anderen Gl\u00e4ubigen lesen lassen willst, da es Dich segnet und Dich herausfordert, \u201cJa\u201d zu Yeshua zu sagen! Viele Leser konnten es nicht aus der Hand legen!<\/p>\n","protected":false},"featured_media":11661,"comment_status":"closed","ping_status":"closed","template":"","meta":{"give_campaign_id":0,"_kad_blocks_custom_css":"","_kad_blocks_head_custom_js":"","_kad_blocks_body_custom_js":"","_kad_blocks_footer_custom_js":"","_kad_post_transparent":"","_kad_post_title":"","_kad_post_layout":"","_kad_post_sidebar_id":"","_kad_post_content_style":"","_kad_post_vertical_padding":"","_kad_post_feature":"","_kad_post_feature_position":"","_kad_post_header":false,"_kad_post_footer":false,"_kad_post_classname":""},"product_brand":[],"product_cat":[162],"product_tag":[],"class_list":{"0":"post-5081","1":"product","2":"type-product","3":"status-publish","4":"has-post-thumbnail","6":"product_cat-bucher","7":"product_shipping_class-all-products-de","9":"first","10":"instock","11":"shipping-taxable","12":"purchasable","13":"product-type-variable","14":"entry","15":"content-bg","16":"loop-entry"},"taxonomy_info":{"product_cat":[{"value":162,"label":"B\u00fccher"}]},"featured_image_src_large":["https:\/\/www.zionsgospel.com\/wp-content\/uploads\/2021\/02\/yes-book-cover-663x1024.jpg",663,1024,true],"author_info":[],"comment_info":0,"_links":{"self":[{"href":"https:\/\/www.zionsgospel.com\/de\/wp-json\/wp\/v2\/product\/5081","targetHints":{"allow":["GET"]}}],"collection":[{"href":"https:\/\/www.zionsgospel.com\/de\/wp-json\/wp\/v2\/product"}],"about":[{"href":"https:\/\/www.zionsgospel.com\/de\/wp-json\/wp\/v2\/types\/product"}],"replies":[{"embeddable":true,"href":"https:\/\/www.zionsgospel.com\/de\/wp-json\/wp\/v2\/comments?post=5081"}],"wp:featuredmedia":[{"embeddable":true,"href":"https:\/\/www.zionsgospel.com\/de\/wp-json\/wp\/v2\/media\/11661"}],"wp:attachment":[{"href":"https:\/\/www.zionsgospel.com\/de\/wp-json\/wp\/v2\/media?parent=5081"}],"wp:term":[{"taxonomy":"product_brand","embeddable":true,"href":"https:\/\/www.zionsgospel.com\/de\/wp-json\/wp\/v2\/product_brand?post=5081"},{"taxonomy":"product_cat","embeddable":true,"href":"https:\/\/www.zionsgospel.com\/de\/wp-json\/wp\/v2\/product_cat?post=5081"},{"taxonomy":"product_tag","embeddable":true,"href":"https:\/\/www.zionsgospel.com\/de\/wp-json\/wp\/v2\/product_tag?post=5081"}],"curies":[{"name":"wp","href":"https:\/\/api.w.org\/{rel}","templated":true}]}}