{"id":5005,"date":"2021-02-07T20:34:20","date_gmt":"2021-02-08T02:34:20","guid":{"rendered":"https:\/\/www.zionsgospel.com\/shop\/vision-negev\/"},"modified":"2024-08-12T14:26:15","modified_gmt":"2024-08-12T20:26:15","slug":"vision-negev","status":"publish","type":"product","link":"https:\/\/www.zionsgospel.com\/de\/shop\/vision-negev\/","title":{"rendered":"Vision Negev"},"content":{"rendered":"","protected":false},"excerpt":{"rendered":"<p>Eine gewaltige und wunderbare Bewegung Gottes ist auf dem Weg in die  Negev! Der Gebetsturm in Eilat wurde errichtet um zu helfen die Negevw\u00fcste in Lichtgeschwindigkeit wiederherzustellen. Folgt Bisch\u00f6fin Dominiquae Bierman, wie sie Yah\u2019s Pl\u00e4ne und Verheissungen f\u00fcr die sephardischen Juden im Land Israel erkl\u00e4rt.<\/p>\n<p>Die Negev, Aravah und die ganze Wegstrecke von Ashkelon bis nach Eilat ist ein Gebiet, das f\u00fcr die Errettung (Yeshua!), f\u00fcr Zeichen und Wunder vorher bestimmt ist. Die Verheissung in Jesaja 35 ist sehr deutlich und beinhaltet: Errettung, dass blinde Augen sehen werden, dass taube Ohren h\u00f6ren werden, dass die Lahmen geheilt und umherspringen werden wie die Hirsche, Stumme werden vor Freude jubeln, wunderwirkende Wasser werden in der W\u00fcst hervorquellen, die Menschen werden in Heiligkeit wandeln und die sephardischen Juden werden wiederhergetellt werden!<\/p>\n","protected":false},"featured_media":5012,"comment_status":"closed","ping_status":"closed","template":"","meta":{"give_campaign_id":0,"_kad_blocks_custom_css":"","_kad_blocks_head_custom_js":"","_kad_blocks_body_custom_js":"","_kad_blocks_footer_custom_js":"","_kad_post_transparent":"","_kad_post_title":"","_kad_post_layout":"","_kad_post_sidebar_id":"","_kad_post_content_style":"","_kad_post_vertical_padding":"","_kad_post_feature":"","_kad_post_feature_position":"","_kad_post_header":false,"_kad_post_footer":false,"_kad_post_classname":""},"product_brand":[],"product_cat":[162],"product_tag":[],"class_list":{"0":"post-5005","1":"product","2":"type-product","3":"status-publish","4":"has-post-thumbnail","6":"product_cat-bucher","7":"product_shipping_class-all-products-de","9":"first","10":"instock","11":"shipping-taxable","12":"purchasable","13":"product-type-variable","14":"entry","15":"content-bg","16":"loop-entry"},"taxonomy_info":{"product_cat":[{"value":162,"label":"B\u00fccher"}]},"featured_image_src_large":["https:\/\/www.zionsgospel.com\/wp-content\/uploads\/2021\/07\/Vision-Negev-E-Book-Cover-663x1024.jpg",663,1024,true],"author_info":[],"comment_info":0,"_links":{"self":[{"href":"https:\/\/www.zionsgospel.com\/de\/wp-json\/wp\/v2\/product\/5005","targetHints":{"allow":["GET"]}}],"collection":[{"href":"https:\/\/www.zionsgospel.com\/de\/wp-json\/wp\/v2\/product"}],"about":[{"href":"https:\/\/www.zionsgospel.com\/de\/wp-json\/wp\/v2\/types\/product"}],"replies":[{"embeddable":true,"href":"https:\/\/www.zionsgospel.com\/de\/wp-json\/wp\/v2\/comments?post=5005"}],"wp:featuredmedia":[{"embeddable":true,"href":"https:\/\/www.zionsgospel.com\/de\/wp-json\/wp\/v2\/media\/5012"}],"wp:attachment":[{"href":"https:\/\/www.zionsgospel.com\/de\/wp-json\/wp\/v2\/media?parent=5005"}],"wp:term":[{"taxonomy":"product_brand","embeddable":true,"href":"https:\/\/www.zionsgospel.com\/de\/wp-json\/wp\/v2\/product_brand?post=5005"},{"taxonomy":"product_cat","embeddable":true,"href":"https:\/\/www.zionsgospel.com\/de\/wp-json\/wp\/v2\/product_cat?post=5005"},{"taxonomy":"product_tag","embeddable":true,"href":"https:\/\/www.zionsgospel.com\/de\/wp-json\/wp\/v2\/product_tag?post=5005"}],"curies":[{"name":"wp","href":"https:\/\/api.w.org\/{rel}","templated":true}]}}