{"id":4773,"date":"2021-02-07T20:34:21","date_gmt":"2021-02-08T02:34:21","guid":{"rendered":"https:\/\/www.zionsgospel.com\/shop\/die-heilende-kraft-der-wurzeln\/"},"modified":"2023-01-10T13:36:51","modified_gmt":"2023-01-10T19:36:51","slug":"die-heilende-kraft-der-wurzeln","status":"publish","type":"product","link":"https:\/\/www.zionsgospel.com\/de\/shop\/die-heilende-kraft-der-wurzeln\/","title":{"rendered":"Die heilende Kraft der Wurzeln"},"content":{"rendered":"","protected":false},"excerpt":{"rendered":"<p>\u201cWarum ist es so wichtig, der Gemeinde die j\u00fcdischen Wurzeln zu vermitteln?\u201d fragte ich den Herrn. \u201cEs ist eine Frage von Leben und Tod\u201d, antwortete Er mir.<br \/>\nDie Gemeinde ist wie eine sch\u00f6ne Rose, die im Garten abgeschnitten wurde. Sie war zwei Tage lang in einer Vase voll mit Wasser, aber am dritten Tag wird<br \/>\nsie sterben, wenn sie nicht wieder zur\u00fcck gepflanzt wird..\u201d<\/p>\n<p>Wir befinden uns am Schneidepunkt des dritten Tages, dem dritten Jahrtausend. Dass wir zur\u00fcckgehen zu den urspr\u00fcnglichen apostolischen, biblischen, hebr\u00e4ischen Fundamenten des Glaubens, ist eine Frage von LEBEN und TOD und ist der SCHL\u00dcSSEL f\u00fcr die weltweite ERWECKUNG der Endzeit!<\/p>\n<p>Folgt Bisch\u00f6fin Dr. Dominiquae Bierman, die die erste j\u00fcdische und israelische Bisch\u00f6fin heute weltweit ist, in diesem Buch und betet die Gebete, die hierin stehen. Du wirst FREI GESETZT WERDEN in die Erweckung des dritten Tages und in die MAP (messianische, apostolische, prophetische) Bewegung, die von Jerusalem ausgeht, einzutreten.<\/p>\n","protected":false},"featured_media":7134,"comment_status":"closed","ping_status":"closed","template":"","meta":{"give_campaign_id":0,"_kad_blocks_custom_css":"","_kad_blocks_head_custom_js":"","_kad_blocks_body_custom_js":"","_kad_blocks_footer_custom_js":"","_kad_post_transparent":"","_kad_post_title":"","_kad_post_layout":"","_kad_post_sidebar_id":"","_kad_post_content_style":"","_kad_post_vertical_padding":"","_kad_post_feature":"","_kad_post_feature_position":"","_kad_post_header":false,"_kad_post_footer":false,"_kad_post_classname":""},"product_brand":[],"product_cat":[162],"product_tag":[],"class_list":{"0":"post-4773","1":"product","2":"type-product","3":"status-publish","4":"has-post-thumbnail","6":"product_cat-bucher","7":"product_shipping_class-all-products-de","9":"first","10":"instock","11":"shipping-taxable","12":"purchasable","13":"product-type-variable","14":"entry","15":"content-bg","16":"loop-entry"},"taxonomy_info":{"product_cat":[{"value":162,"label":"B\u00fccher"}]},"featured_image_src_large":["https:\/\/www.zionsgospel.com\/wp-content\/uploads\/2022\/04\/the-healing-power-of-the-roots-cover-1-658x1024.jpg",658,1024,true],"author_info":[],"comment_info":0,"_links":{"self":[{"href":"https:\/\/www.zionsgospel.com\/de\/wp-json\/wp\/v2\/product\/4773","targetHints":{"allow":["GET"]}}],"collection":[{"href":"https:\/\/www.zionsgospel.com\/de\/wp-json\/wp\/v2\/product"}],"about":[{"href":"https:\/\/www.zionsgospel.com\/de\/wp-json\/wp\/v2\/types\/product"}],"replies":[{"embeddable":true,"href":"https:\/\/www.zionsgospel.com\/de\/wp-json\/wp\/v2\/comments?post=4773"}],"wp:featuredmedia":[{"embeddable":true,"href":"https:\/\/www.zionsgospel.com\/de\/wp-json\/wp\/v2\/media\/7134"}],"wp:attachment":[{"href":"https:\/\/www.zionsgospel.com\/de\/wp-json\/wp\/v2\/media?parent=4773"}],"wp:term":[{"taxonomy":"product_brand","embeddable":true,"href":"https:\/\/www.zionsgospel.com\/de\/wp-json\/wp\/v2\/product_brand?post=4773"},{"taxonomy":"product_cat","embeddable":true,"href":"https:\/\/www.zionsgospel.com\/de\/wp-json\/wp\/v2\/product_cat?post=4773"},{"taxonomy":"product_tag","embeddable":true,"href":"https:\/\/www.zionsgospel.com\/de\/wp-json\/wp\/v2\/product_tag?post=4773"}],"curies":[{"name":"wp","href":"https:\/\/api.w.org\/{rel}","templated":true}]}}