{"id":4623,"date":"2021-02-07T20:34:21","date_gmt":"2021-02-08T02:34:21","guid":{"rendered":"https:\/\/www.zionsgospel.com\/shop\/sturmisches-wetter\/"},"modified":"2022-02-28T20:56:44","modified_gmt":"2022-03-01T02:56:44","slug":"sturmisches-wetter","status":"publish","type":"product","link":"https:\/\/www.zionsgospel.com\/de\/shop\/sturmisches-wetter\/","title":{"rendered":"St\u00fcrmisches Wetter"},"content":{"rendered":"","protected":false},"excerpt":{"rendered":"<p>Dieses neue und herausfordernde Buch von Bisch\u00f6fin Dominiquae Bierman sollte nicht leicht genommen werden. Im Lichte all dieser schrecklichen St\u00fcrme, die zwischen dem Weihnachtswochenende 2004 und Weihnachten 2005 w\u00fcteten, lesen wir eine ernste Botschaft in \u201cSt\u00fcrmisches Wetter\u201d.<\/p>\n<p>Lasst Euch dieses Buch nicht entgehen und gebt es weiter an viele. Es k\u00f6nnte das wichtigste Buch sein, das jemals in Deine H\u00e4nde gekommen ist! Dieses Buch ist nicht nur f\u00fcr Christen oder Kirchg\u00e4nger! Es ist f\u00fcr alle, die sich gefragt haben, was in der Welt mit dem Klima geschieht! Wenn Du es liest, kann es durchaus Dein Leben erretten! Ein Tsunami oder ein Erdbeben k\u00f6nnte jetzt auf dem Weg in jede Stadt sein!<\/p>\n","protected":false},"featured_media":4629,"comment_status":"closed","ping_status":"closed","template":"","meta":{"give_campaign_id":0,"_kad_blocks_custom_css":"","_kad_blocks_head_custom_js":"","_kad_blocks_body_custom_js":"","_kad_blocks_footer_custom_js":"","_kad_post_transparent":"","_kad_post_title":"","_kad_post_layout":"","_kad_post_sidebar_id":"","_kad_post_content_style":"","_kad_post_vertical_padding":"","_kad_post_feature":"","_kad_post_feature_position":"","_kad_post_header":false,"_kad_post_footer":false,"_kad_post_classname":""},"product_brand":[],"product_cat":[162],"product_tag":[],"class_list":{"0":"post-4623","1":"product","2":"type-product","3":"status-publish","4":"has-post-thumbnail","6":"product_cat-bucher","7":"product_shipping_class-all-products-de","9":"first","10":"instock","11":"shipping-taxable","12":"purchasable","13":"product-type-variable","14":"entry","15":"content-bg","16":"loop-entry"},"taxonomy_info":{"product_cat":[{"value":162,"label":"B\u00fccher"}]},"featured_image_src_large":["https:\/\/www.zionsgospel.com\/wp-content\/uploads\/2021\/07\/Stormy-Weather-E-Book-Cover-663x1024.jpg",663,1024,true],"author_info":[],"comment_info":0,"_links":{"self":[{"href":"https:\/\/www.zionsgospel.com\/de\/wp-json\/wp\/v2\/product\/4623","targetHints":{"allow":["GET"]}}],"collection":[{"href":"https:\/\/www.zionsgospel.com\/de\/wp-json\/wp\/v2\/product"}],"about":[{"href":"https:\/\/www.zionsgospel.com\/de\/wp-json\/wp\/v2\/types\/product"}],"replies":[{"embeddable":true,"href":"https:\/\/www.zionsgospel.com\/de\/wp-json\/wp\/v2\/comments?post=4623"}],"wp:featuredmedia":[{"embeddable":true,"href":"https:\/\/www.zionsgospel.com\/de\/wp-json\/wp\/v2\/media\/4629"}],"wp:attachment":[{"href":"https:\/\/www.zionsgospel.com\/de\/wp-json\/wp\/v2\/media?parent=4623"}],"wp:term":[{"taxonomy":"product_brand","embeddable":true,"href":"https:\/\/www.zionsgospel.com\/de\/wp-json\/wp\/v2\/product_brand?post=4623"},{"taxonomy":"product_cat","embeddable":true,"href":"https:\/\/www.zionsgospel.com\/de\/wp-json\/wp\/v2\/product_cat?post=4623"},{"taxonomy":"product_tag","embeddable":true,"href":"https:\/\/www.zionsgospel.com\/de\/wp-json\/wp\/v2\/product_tag?post=4623"}],"curies":[{"name":"wp","href":"https:\/\/api.w.org\/{rel}","templated":true}]}}