{"id":4467,"date":"2021-02-07T20:34:21","date_gmt":"2021-02-08T02:34:21","guid":{"rendered":"https:\/\/www.zionsgospel.com\/shop\/wiederherstellung-des-heiligen-gebens\/"},"modified":"2024-08-12T14:21:27","modified_gmt":"2024-08-12T20:21:27","slug":"wiederherstellung-des-heiligen-gebens","status":"publish","type":"product","link":"https:\/\/www.zionsgospel.com\/de\/shop\/wiederherstellung-des-heiligen-gebens\/","title":{"rendered":"Wiederherstellung des heiligen Gebens"},"content":{"rendered":"","protected":false},"excerpt":{"rendered":"<p>Denn wo dein Schatz ist, dort wird auch dein Herz sein.<br \/>\nMatth\u00e4us 6:21<\/p>\n<p>Wenn wir zu den j\u00fcdischen Wurzeln des Glaubens und zu den apostolisch hebr\u00e4ischen Fundamenten zur\u00fcckkehren, m\u00fcssen wir auch das heilige Geben wiederhertellen. Die Ersatztheologie hat den Leib von Yeshua auf vielen Gebieten und im besonderen auf dem Gebiet des Gebens beeinflusst. Die meisten Menschen wissen nicht, wie man geben soll, wem man geben soll und wann man geben soll. Sie kommen daher nie aus der geistlichen und\/oder finanziellen D\u00fcrre heraus. Dieses Buch wird Dir helfen in Lichtgeschwindigkeit aus der geistlichen und finanziellen D\u00fcrre herauszukommen.<\/p>\n<p>Bisch\u00f6fin Dominquae Bierman gemeinsam mit ihrem Mann Rabbi Baruch Bierman ist Direktor der Kad-Esh MAP Ministries und -Bewegung. Ihre Botschaft der  WIEDERHERSTELLUNG wird \u00fcberall von Zeichen und Wundern gefolgt. Sie sind wahre israelische Apostel der heutigen Zeit. Sie leben in Israel und reisen um die ganze Welt und verbreiten das Evangelium des K\u00f6nigreiches und das Erweckungsfeuer.<\/p>\n","protected":false},"featured_media":4474,"comment_status":"closed","ping_status":"closed","template":"","meta":{"give_campaign_id":0,"_kad_blocks_custom_css":"","_kad_blocks_head_custom_js":"","_kad_blocks_body_custom_js":"","_kad_blocks_footer_custom_js":"","_kad_post_transparent":"","_kad_post_title":"","_kad_post_layout":"","_kad_post_sidebar_id":"","_kad_post_content_style":"","_kad_post_vertical_padding":"","_kad_post_feature":"","_kad_post_feature_position":"","_kad_post_header":false,"_kad_post_footer":false,"_kad_post_classname":""},"product_brand":[],"product_cat":[162],"product_tag":[],"class_list":{"0":"post-4467","1":"product","2":"type-product","3":"status-publish","4":"has-post-thumbnail","6":"product_cat-bucher","7":"product_shipping_class-all-products-de","9":"first","10":"instock","11":"shipping-taxable","12":"purchasable","13":"product-type-variable","14":"entry","15":"content-bg","16":"loop-entry"},"taxonomy_info":{"product_cat":[{"value":162,"label":"B\u00fccher"}]},"featured_image_src_large":["https:\/\/www.zionsgospel.com\/wp-content\/uploads\/2021\/07\/Restoration-of-Holy-Giving-E-Book-Cover-663x1024.jpg",663,1024,true],"author_info":[],"comment_info":0,"_links":{"self":[{"href":"https:\/\/www.zionsgospel.com\/de\/wp-json\/wp\/v2\/product\/4467","targetHints":{"allow":["GET"]}}],"collection":[{"href":"https:\/\/www.zionsgospel.com\/de\/wp-json\/wp\/v2\/product"}],"about":[{"href":"https:\/\/www.zionsgospel.com\/de\/wp-json\/wp\/v2\/types\/product"}],"replies":[{"embeddable":true,"href":"https:\/\/www.zionsgospel.com\/de\/wp-json\/wp\/v2\/comments?post=4467"}],"wp:featuredmedia":[{"embeddable":true,"href":"https:\/\/www.zionsgospel.com\/de\/wp-json\/wp\/v2\/media\/4474"}],"wp:attachment":[{"href":"https:\/\/www.zionsgospel.com\/de\/wp-json\/wp\/v2\/media?parent=4467"}],"wp:term":[{"taxonomy":"product_brand","embeddable":true,"href":"https:\/\/www.zionsgospel.com\/de\/wp-json\/wp\/v2\/product_brand?post=4467"},{"taxonomy":"product_cat","embeddable":true,"href":"https:\/\/www.zionsgospel.com\/de\/wp-json\/wp\/v2\/product_cat?post=4467"},{"taxonomy":"product_tag","embeddable":true,"href":"https:\/\/www.zionsgospel.com\/de\/wp-json\/wp\/v2\/product_tag?post=4467"}],"curies":[{"name":"wp","href":"https:\/\/api.w.org\/{rel}","templated":true}]}}