{"id":4407,"date":"2021-02-07T20:34:21","date_gmt":"2021-02-08T02:34:21","guid":{"rendered":"https:\/\/www.zionsgospel.com\/shop\/eingepfropft\/"},"modified":"2023-03-15T07:54:36","modified_gmt":"2023-03-15T13:54:36","slug":"eingepfropft","status":"publish","type":"product","link":"https:\/\/www.zionsgospel.com\/de\/shop\/eingepfropft\/","title":{"rendered":"Eingepfropft"},"content":{"rendered":"","protected":false},"excerpt":{"rendered":"<p>Die Zeit der gr\u00f6ssten Wiederherstellung aller Zeiten ist gekommen. Das j\u00fcdische Volk zur\u00fcck zu ihrem Messias und die Christen zur\u00fcck zum urspr\u00fcnglichen Evangelium, das von den j\u00fcdischen Aposteln gepredigt wurde. Seit beinahe 2000 Jahren wartet die Welt auf diese grosse Wiederherstellung, die Engel schauen zu, die D\u00e4monen zittern. Das ist ein wunderbares praktisches Handbuch, das neben der Bibel liegen sollte! Es lehrt Dich wie die heiligen Feste zu feiern sind und wie man die Torah und die Gebote studieren und anwenden soll, um im Gehorsam zu Gott und ohne Legalismus sich an einem Leben im \u00dcberfluss zu erfreuen. Dieses Buch ist ein MUSS f\u00fcr jeden Gl\u00e4ubigen, es ist ein gewaltiger Augen\u00f6ffner!<\/p>\n<p>Lest das Zeugnis von Linda aus USA: Ich habe eben das Buch \u201cEingepfropft\u201d von Dominiquae zu Ende gelesen. Ich habe nie zuvor ein Buch solcher Art gelesen. Ich konnte nicht glauben, was ich da las. Ich konnte es nicht aus der Hand legen. Es kam mir vor, als h\u00e4tte ich gefunden, wonach ich mein Leben lang gesucht hatte. Zum ersten Mal glaubte ich Teil von etwas Grossem zu sein. Ich f\u00fchlte mich wie<br \/>\nElisabeth in Lukas 1:41. Als Elisabeth Maria\u2019s Gruss h\u00f6rte, h\u00fcpfte das Kind im Mutterleib. 1:42 und sie rief mit lauter Stimme aus: \u201cGesegnet bist du unter den Frauen und gesegnet ist die Frucht deines Leibes.\u201d<\/p>\n","protected":false},"featured_media":4418,"comment_status":"closed","ping_status":"closed","template":"","meta":{"give_campaign_id":0,"_kad_blocks_custom_css":"","_kad_blocks_head_custom_js":"","_kad_blocks_body_custom_js":"","_kad_blocks_footer_custom_js":"","_kad_post_transparent":"","_kad_post_title":"","_kad_post_layout":"","_kad_post_sidebar_id":"","_kad_post_content_style":"","_kad_post_vertical_padding":"","_kad_post_feature":"","_kad_post_feature_position":"","_kad_post_header":false,"_kad_post_footer":false,"_kad_post_classname":""},"product_brand":[],"product_cat":[162],"product_tag":[],"class_list":{"0":"post-4407","1":"product","2":"type-product","3":"status-publish","4":"has-post-thumbnail","6":"product_cat-bucher","7":"product_shipping_class-all-products-de","9":"first","10":"instock","11":"shipping-taxable","12":"purchasable","13":"product-type-variable","14":"entry","15":"content-bg","16":"loop-entry"},"taxonomy_info":{"product_cat":[{"value":162,"label":"B\u00fccher"}]},"featured_image_src_large":["https:\/\/www.zionsgospel.com\/wp-content\/uploads\/2021\/07\/Grafted-In-E-Book-Cover-657x1024.jpg",657,1024,true],"author_info":[],"comment_info":0,"_links":{"self":[{"href":"https:\/\/www.zionsgospel.com\/de\/wp-json\/wp\/v2\/product\/4407","targetHints":{"allow":["GET"]}}],"collection":[{"href":"https:\/\/www.zionsgospel.com\/de\/wp-json\/wp\/v2\/product"}],"about":[{"href":"https:\/\/www.zionsgospel.com\/de\/wp-json\/wp\/v2\/types\/product"}],"replies":[{"embeddable":true,"href":"https:\/\/www.zionsgospel.com\/de\/wp-json\/wp\/v2\/comments?post=4407"}],"wp:featuredmedia":[{"embeddable":true,"href":"https:\/\/www.zionsgospel.com\/de\/wp-json\/wp\/v2\/media\/4418"}],"wp:attachment":[{"href":"https:\/\/www.zionsgospel.com\/de\/wp-json\/wp\/v2\/media?parent=4407"}],"wp:term":[{"taxonomy":"product_brand","embeddable":true,"href":"https:\/\/www.zionsgospel.com\/de\/wp-json\/wp\/v2\/product_brand?post=4407"},{"taxonomy":"product_cat","embeddable":true,"href":"https:\/\/www.zionsgospel.com\/de\/wp-json\/wp\/v2\/product_cat?post=4407"},{"taxonomy":"product_tag","embeddable":true,"href":"https:\/\/www.zionsgospel.com\/de\/wp-json\/wp\/v2\/product_tag?post=4407"}],"curies":[{"name":"wp","href":"https:\/\/api.w.org\/{rel}","templated":true}]}}