{"id":5600,"date":"2022-01-24T16:50:53","date_gmt":"2022-01-24T22:50:53","guid":{"rendered":"https:\/\/www.zionsgospel.com\/grm-bibelschule\/"},"modified":"2025-09-24T14:36:48","modified_gmt":"2025-09-24T20:36:48","slug":"grm-bibelschule","status":"publish","type":"page","link":"https:\/\/www.zionsgospel.com\/de\/grm-bibelschule\/","title":{"rendered":"GRM-Bibelschule"},"content":{"rendered":"<style>.kb-row-layout-id1049_67216d-b2 > .kt-row-column-wrap{align-content:start;}:where(.kb-row-layout-id1049_67216d-b2 > .kt-row-column-wrap) > .wp-block-kadence-column{justify-content:start;}.kb-row-layout-id1049_67216d-b2 > .kt-row-column-wrap{column-gap:var(--global-kb-gap-md, 2rem);row-gap:var(--global-kb-gap-md, 2rem);max-width:900px;margin-left:auto;margin-right:auto;padding-top:80px;padding-bottom:120px;grid-template-columns:minmax(0, 1fr);}.kb-row-layout-id1049_67216d-b2{background-image:url('https:\/\/www.zionsgospel.com\/wp-content\/uploads\/2025\/09\/grm-jerusalem.jpg');background-size:cover;background-position:50% 50%;background-attachment:scroll;background-repeat:no-repeat;}.kb-row-layout-id1049_67216d-b2 > .kt-row-layout-overlay{opacity:0.55;background-color:var(--global-palette5, #4A5568);mix-blend-mode:normal;}.kb-row-layout-id1049_67216d-b2 .kt-row-layout-bottom-sep{height:100px;}.kb-row-layout-id1049_67216d-b2 .kt-row-layout-bottom-sep svg{width:100%;}.kb-row-layout-id1049_67216d-b2 .kt-row-layout-bottom-sep svg{fill:#ffffff!important;}@media all and (max-width: 1024px){.kb-row-layout-id1049_67216d-b2 > .kt-row-column-wrap{grid-template-columns:minmax(0, 1fr);}}@media all and (max-width: 1024px){.kb-row-layout-id1049_67216d-b2 .kt-row-layout-bottom-sep{height:px;}}@media all and (max-width: 1024px){.kb-row-layout-id1049_67216d-b2 .kt-row-layout-bottom-sep svg{width:%;}}@media all and (max-width: 767px){.kb-row-layout-id1049_67216d-b2 > .kt-row-column-wrap{grid-template-columns:minmax(0, 1fr);}.kb-row-layout-id1049_67216d-b2 .kt-row-layout-bottom-sep{height:px;}.kb-row-layout-id1049_67216d-b2 .kt-row-layout-bottom-sep svg{width:%;}}<\/style><div class=\"kb-row-layout-wrap kb-row-layout-id1049_67216d-b2 alignfull kt-row-has-bg wp-block-kadence-rowlayout\"><div class=\"kt-row-layout-overlay kt-row-overlay-normal\"><\/div><div class=\"kt-row-layout-bottom-sep kt-row-sep-type-threelevels\"><svg viewBox=\"0 0 1000 100\" preserveAspectRatio=\"none\"><path style=\"opacity: 0.33\" d=\"M0 95L1000 0v100H0v-5z\"><\/path><path style=\"opacity: 0.66\" d=\"M0 95l1000-67.944V100H0v-5z\"><\/path><path d=\"M0 95l1000-40.887V100H0v-5z\"><\/path><\/svg><\/div><div class=\"kt-row-column-wrap kt-has-1-columns kt-row-layout-equal kt-tab-layout-inherit kt-mobile-layout-row kt-row-valign-top\">\n<style>.kadence-column1049_2f8bad-e0 > .kt-inside-inner-col,.kadence-column1049_2f8bad-e0 > .kt-inside-inner-col:before{border-top-left-radius:0px;border-top-right-radius:0px;border-bottom-right-radius:0px;border-bottom-left-radius:0px;}.kadence-column1049_2f8bad-e0 > .kt-inside-inner-col{column-gap:var(--global-kb-gap-sm, 1rem);}.kadence-column1049_2f8bad-e0 > .kt-inside-inner-col{flex-direction:column;}.kadence-column1049_2f8bad-e0 > .kt-inside-inner-col > .aligncenter{width:100%;}.kadence-column1049_2f8bad-e0 > .kt-inside-inner-col:before{opacity:0.3;}.kadence-column1049_2f8bad-e0{position:relative;}@media all and (max-width: 1024px){.kadence-column1049_2f8bad-e0 > .kt-inside-inner-col{flex-direction:column;justify-content:center;}}@media all and (max-width: 767px){.kadence-column1049_2f8bad-e0 > .kt-inside-inner-col{flex-direction:column;justify-content:center;}}<\/style>\n<div class=\"wp-block-kadence-column kadence-column1049_2f8bad-e0 inner-column-1\"><div class=\"kt-inside-inner-col\"><div class=\"wp-block-image\">\n<figure class=\"aligncenter size-large is-resized\"><img loading=\"lazy\" decoding=\"async\" width=\"481\" height=\"492\" src=\"https:\/\/www.zionsgospel.com\/wp-content\/uploads\/2021\/05\/grm-logo.png\" alt=\"GRM Bible School logo\" class=\"wp-image-1013\" style=\"width:241px;height:246px\" srcset=\"https:\/\/www.zionsgospel.com\/wp-content\/uploads\/2021\/05\/grm-logo.png 481w, https:\/\/www.zionsgospel.com\/wp-content\/uploads\/2021\/05\/grm-logo-300x307.png 300w\" sizes=\"auto, (max-width: 481px) 100vw, 481px\" \/><\/figure>\n<\/div>\n\n\n<p><\/p>\n<\/div><\/div>\n\n<\/div><\/div><style>.wp-block-kadence-spacer.kt-block-spacer-1049_aebd01-52 .kt-block-spacer{height:30px;}.wp-block-kadence-spacer.kt-block-spacer-1049_aebd01-52 .kt-divider{border-top-width:1px;height:1px;border-top-color:#eee;width:80%;border-top-style:solid;}<\/style>\n<div class=\"wp-block-kadence-spacer aligncenter kt-block-spacer-1049_aebd01-52\"><div class=\"kt-block-spacer kt-block-spacer-halign-center\"><\/div><\/div>\n<style>.wp-block-kadence-advancedheading.kt-adv-heading1049_51964d-67, .wp-block-kadence-advancedheading.kt-adv-heading1049_51964d-67[data-kb-block=\"kb-adv-heading1049_51964d-67\"]{font-style:normal;}.wp-block-kadence-advancedheading.kt-adv-heading1049_51964d-67 mark.kt-highlight, .wp-block-kadence-advancedheading.kt-adv-heading1049_51964d-67[data-kb-block=\"kb-adv-heading1049_51964d-67\"] mark.kt-highlight{font-style:normal;color:#f76a0c;-webkit-box-decoration-break:clone;box-decoration-break:clone;padding-top:0px;padding-right:0px;padding-bottom:0px;padding-left:0px;}.wp-block-kadence-advancedheading.kt-adv-heading1049_51964d-67 img.kb-inline-image, .wp-block-kadence-advancedheading.kt-adv-heading1049_51964d-67[data-kb-block=\"kb-adv-heading1049_51964d-67\"] img.kb-inline-image{width:150px;vertical-align:baseline;}<\/style>\n<h3 class=\"kt-adv-heading1049_51964d-67 wp-block-kadence-advancedheading\" data-kb-block=\"kb-adv-heading1049_51964d-67\"><strong>Es ist an der Zeit, eine neue Art von Leitern und Gl\u00e4ubigen im Leib des Messias auszubilden<\/strong><\/h3>\n\n<p><em>\u201eJetzt kommt es darauf an, womit jeder Einzelne auf diesem Fundament weiterbaut, zum Beispiel mit Gold, Silber, wertvollen Steinen, oder auch mit Holz, Heu oder Stroh. Die Arbeit von jedem Einzelnen wird am Ende sichtbar werden. Der entscheidende Tag wird es deutlich machen, der Tag, an dem alles durch das Feuer freigelegt wird. Dieses Feuer wird deutlich zeigen, wie die Arbeit von jedem Einzelnen beschaffen ist. Wenn das, was einer darauf aufgebaut hat, bleibt, dann wird er daf\u00fcr seine Belohnung erhalten.\u201c<\/em>\u00a0<strong>1. Korinther 3:12-14<\/strong><\/p>\n<style>.wp-block-kadence-advancedheading.kt-adv-heading1049_014d28-39, .wp-block-kadence-advancedheading.kt-adv-heading1049_014d28-39[data-kb-block=\"kb-adv-heading1049_014d28-39\"]{font-style:normal;}.wp-block-kadence-advancedheading.kt-adv-heading1049_014d28-39 mark.kt-highlight, .wp-block-kadence-advancedheading.kt-adv-heading1049_014d28-39[data-kb-block=\"kb-adv-heading1049_014d28-39\"] mark.kt-highlight{font-style:normal;color:#f76a0c;-webkit-box-decoration-break:clone;box-decoration-break:clone;padding-top:0px;padding-right:0px;padding-bottom:0px;padding-left:0px;}.wp-block-kadence-advancedheading.kt-adv-heading1049_014d28-39 img.kb-inline-image, .wp-block-kadence-advancedheading.kt-adv-heading1049_014d28-39[data-kb-block=\"kb-adv-heading1049_014d28-39\"] img.kb-inline-image{width:150px;vertical-align:baseline;}<\/style>\n<h3 class=\"kt-adv-heading1049_014d28-39 wp-block-kadence-advancedheading\" data-kb-block=\"kb-adv-heading1049_014d28-39\"><strong>Was ist GRM?<\/strong><\/h3>\n\n<p>Die <a href=\"https:\/\/www.grmbibleinstitute.com\/\" target=\"_blank\" rel=\"noopener\">&#8222;Global Revival MAP-Bibelschule (GRM)&#8220;<\/a> (Messianisch-apostolisch-prophetische Bibelschule f\u00fcr weltweite Erweckung) wurde in Israel gegr\u00fcndet und basiert urspr\u00fcnglich auf dem lebensver\u00e4ndernden Fernsehprogramm &#8222;Revival Cry&#8220; (\u2019Ruf der Erweckung\u2018) der j\u00fcdisch-israelischen Hauptbisch\u00f6fin Dr. Dominiquae. Sie produzierte jede Sendung unter der kraftvollen Salbung des Heiligen Geistes!<\/p>\n\n<p>Das wirkungsvolle Lehrprogramm umfasst viele ihrer B\u00fccher, deren Inhalt seit 1995 in Menschenherzen auf der ganzen Welt ges\u00e4t und vom Heiligen Geist dazu benutzt wurde, das Leben von Gl\u00e4ubigen zu ver\u00e4ndern. Es gibt unz\u00e4hlige\u00a0<a rel=\"noreferrer noopener\" href=\"https:\/\/www.grmbibleschool.com\/testimonies\/\" target=\"_blank\">Zeugnisse<\/a>\u00a0von Menschen und Gemeinden, die durch ihr Lehrmaterial beeinflusst wurden.<\/p>\n<style>.wp-block-kadence-advancedheading.kt-adv-heading1049_b3d950-f7, .wp-block-kadence-advancedheading.kt-adv-heading1049_b3d950-f7[data-kb-block=\"kb-adv-heading1049_b3d950-f7\"]{font-style:normal;}.wp-block-kadence-advancedheading.kt-adv-heading1049_b3d950-f7 mark.kt-highlight, .wp-block-kadence-advancedheading.kt-adv-heading1049_b3d950-f7[data-kb-block=\"kb-adv-heading1049_b3d950-f7\"] mark.kt-highlight{font-style:normal;color:#f76a0c;-webkit-box-decoration-break:clone;box-decoration-break:clone;padding-top:0px;padding-right:0px;padding-bottom:0px;padding-left:0px;}.wp-block-kadence-advancedheading.kt-adv-heading1049_b3d950-f7 img.kb-inline-image, .wp-block-kadence-advancedheading.kt-adv-heading1049_b3d950-f7[data-kb-block=\"kb-adv-heading1049_b3d950-f7\"] img.kb-inline-image{width:150px;vertical-align:baseline;}<\/style>\n<h3 class=\"kt-adv-heading1049_b3d950-f7 wp-block-kadence-advancedheading\" data-kb-block=\"kb-adv-heading1049_b3d950-f7\"><strong>Zielsetzung<\/strong><\/h3>\n\n<p>Die <a href=\"https:\/\/www.grmbibleinstitute.com\/\" target=\"_blank\" rel=\"noopener\">GRM-Bibelschule<\/a> wurde gegr\u00fcndet, um kompetente Leiter auszubilden, die geistlich frei und gesalbt sind! Der Zugang dazu ist einfach: Man kann sich online einloggen, egal wo man sich gerade befindet.<\/p>\n\n<p>Wir vertrauen darauf, dass das Lehrmaterial der GRM-Bibelschule dein Leben und das Leben vieler Menschen durch dich ver\u00e4ndern wird. Diese Bibelschule stellt wieder her, was der Kirche seit dem 4. Jahrhundert verloren gegangen ist!<\/p>\n<style>.wp-block-kadence-advancedheading.kt-adv-heading1049_3f3963-b6, .wp-block-kadence-advancedheading.kt-adv-heading1049_3f3963-b6[data-kb-block=\"kb-adv-heading1049_3f3963-b6\"]{font-style:normal;}.wp-block-kadence-advancedheading.kt-adv-heading1049_3f3963-b6 mark.kt-highlight, .wp-block-kadence-advancedheading.kt-adv-heading1049_3f3963-b6[data-kb-block=\"kb-adv-heading1049_3f3963-b6\"] mark.kt-highlight{font-style:normal;color:#f76a0c;-webkit-box-decoration-break:clone;box-decoration-break:clone;padding-top:0px;padding-right:0px;padding-bottom:0px;padding-left:0px;}.wp-block-kadence-advancedheading.kt-adv-heading1049_3f3963-b6 img.kb-inline-image, .wp-block-kadence-advancedheading.kt-adv-heading1049_3f3963-b6[data-kb-block=\"kb-adv-heading1049_3f3963-b6\"] img.kb-inline-image{width:150px;vertical-align:baseline;}<\/style>\n<h3 class=\"kt-adv-heading1049_3f3963-b6 wp-block-kadence-advancedheading\" data-kb-block=\"kb-adv-heading1049_3f3963-b6\"><strong>GRM im Vergleich zu traditionellen Bibelschulen<\/strong><\/h3>\n\n<p>Althergebrachte Bibelschulen haben die Antwort darauf, was f\u00fcr eine weltweite Erweckung n\u00f6tig ist nicht, weil sie die Kirchengeschichte &#8211; die j\u00fcdischen Wurzeln des Glaubens und Israels &#8211; nur unzureichend behandeln. Stattdessen lehren die meisten Bibelschulen eine Mischung aus Ersatztheologie und dem Wort Gottes. Die messianischen, apostolischen und prophetischen (MAP-)Leiter der Endzeit werden keine Blockaden durch festgefahrene Meinungen aus der Ersatztheologie haben und wissen, dass sie mit Israel in den guten (hebr\u00e4ischen) \u00d6lbaum eingepfropft sind. Sie werden Leiter sein, die das Evangelium, wie es vom j\u00fcdischen Messias selbst und von Seinen ersten j\u00fcdischen Aposteln gepredigt wurde, mit Zeichen, Wundern und Machttaten.<\/p>\n<style>.wp-block-kadence-advancedheading.kt-adv-heading1049_acea3d-38, .wp-block-kadence-advancedheading.kt-adv-heading1049_acea3d-38[data-kb-block=\"kb-adv-heading1049_acea3d-38\"]{font-style:normal;}.wp-block-kadence-advancedheading.kt-adv-heading1049_acea3d-38 mark.kt-highlight, .wp-block-kadence-advancedheading.kt-adv-heading1049_acea3d-38[data-kb-block=\"kb-adv-heading1049_acea3d-38\"] mark.kt-highlight{font-style:normal;color:#f76a0c;-webkit-box-decoration-break:clone;box-decoration-break:clone;padding-top:0px;padding-right:0px;padding-bottom:0px;padding-left:0px;}.wp-block-kadence-advancedheading.kt-adv-heading1049_acea3d-38 img.kb-inline-image, .wp-block-kadence-advancedheading.kt-adv-heading1049_acea3d-38[data-kb-block=\"kb-adv-heading1049_acea3d-38\"] img.kb-inline-image{width:150px;vertical-align:baseline;}<\/style>\n<h3 class=\"kt-adv-heading1049_acea3d-38 wp-block-kadence-advancedheading\" data-kb-block=\"kb-adv-heading1049_acea3d-38\"><strong>Wichtigkeit<\/strong><\/h3>\n\n<p>In diesen schwierigen Zeiten von St\u00fcrmen und Ersch\u00fctterungen hat das &#8222;Evangelium der billigen Gnade&#8220; keine tragf\u00e4higen Antworten! Wir m\u00fcssen umkehren und zur Ehrfurcht vor YAH (Gott) zur\u00fcckfinden, so wie es die fr\u00fche Kirche erlebt hat zu der Zeit, als sie in gro\u00dfer Herrlichkeit und Autorit\u00e4t wandelte. Es ist an der Zeit, dass sich eine Gemeinde, die wie Esther, Ruth und Kornelius ist, erhebt und Israel segnet, indem sie den &#8222;Schl\u00fcssel Abrahams&#8220; aus 1. Mose 12:3 anwendet, um ganze Nationen f\u00fcr Erweckung zu \u00f6ffnen!<\/p>\n\n<p>Wenn du bereit bist, in die MAP-Revolution einzusteigen, in der das 21. Jahrhundert wie das 1. Jahrhundert sein wird, dann komm&#8216; und lass dich ausr\u00fcsten: Die Global Revival MAP-Bibelschule wird dein Leben ver\u00e4ndern und durch dich das Leben anderer.<\/p>\n<style>.wp-block-kadence-advancedheading.kt-adv-heading1049_43d525-6e, .wp-block-kadence-advancedheading.kt-adv-heading1049_43d525-6e[data-kb-block=\"kb-adv-heading1049_43d525-6e\"]{font-style:normal;}.wp-block-kadence-advancedheading.kt-adv-heading1049_43d525-6e mark.kt-highlight, .wp-block-kadence-advancedheading.kt-adv-heading1049_43d525-6e[data-kb-block=\"kb-adv-heading1049_43d525-6e\"] mark.kt-highlight{font-style:normal;color:#f76a0c;-webkit-box-decoration-break:clone;box-decoration-break:clone;padding-top:0px;padding-right:0px;padding-bottom:0px;padding-left:0px;}.wp-block-kadence-advancedheading.kt-adv-heading1049_43d525-6e img.kb-inline-image, .wp-block-kadence-advancedheading.kt-adv-heading1049_43d525-6e[data-kb-block=\"kb-adv-heading1049_43d525-6e\"] img.kb-inline-image{width:150px;vertical-align:baseline;}<\/style>\n<h3 class=\"kt-adv-heading1049_43d525-6e wp-block-kadence-advancedheading\" data-kb-block=\"kb-adv-heading1049_43d525-6e\"><strong>Bist du bereit? Dann beginne noch heute mit dem Lernen!<\/strong><\/h3>\n\n<p>Eine kraftvolle, liebevolle, heilige, m\u00e4chtige, wahrhaftige, messianische, apostolische und prophetische Armee entsteht und du bist aufgerufen, deinen Platz als Soldat des Messias einzunehmen.<\/p>\n<style>.wp-block-kadence-advancedbtn.kb-btns1049_94228d-e6{gap:var(--global-kb-gap-xs, 0.5rem );justify-content:flex-start;align-items:center;}.kt-btns1049_94228d-e6 .kt-button{font-weight:normal;font-style:normal;}<\/style>\n<div class=\"wp-block-kadence-advancedbtn kb-buttons-wrap kb-btns1049_94228d-e6\"><style>ul.menu .wp-block-kadence-advancedbtn .kb-btn1049_80db81-3d.kb-button{width:initial;}<\/style><a class=\"kb-button kt-button button kb-btn1049_80db81-3d kt-btn-size-large kt-btn-width-type-auto kb-btn-global-inherit  kt-btn-has-text-true kt-btn-has-svg-false  wp-block-button__link wp-block-kadence-singlebtn\" href=\"https:\/\/www.grmbibleinstitute.com\/\" target=\"_blank\" rel=\"noopener\"><span class=\"kt-btn-inner-text\">DEN BIBELSCHULKURS BEGINNEN<\/span><\/a>\n\n<style>ul.menu .wp-block-kadence-advancedbtn .kb-btn1049_ab9f1c-37.kb-button{width:initial;}.wp-block-kadence-advancedbtn .kb-btn1049_ab9f1c-37.kb-button{background:var(--global-palette2, #2B6CB0);}.wp-block-kadence-advancedbtn .kb-btn1049_ab9f1c-37.kb-button:hover, .wp-block-kadence-advancedbtn .kb-btn1049_ab9f1c-37.kb-button:focus{background:#b02626;}<\/style><a class=\"kb-button kt-button button kb-btn1049_ab9f1c-37 kt-btn-size-large kt-btn-width-type-auto kb-btn-global-inherit  kt-btn-has-text-true kt-btn-has-svg-true  wp-block-button__link wp-block-kadence-singlebtn\" href=\"https:\/\/www.zionsgospel.com\/de\/spenden\/\"><span class=\"kb-svg-icon-wrap kb-svg-icon-ic_heart kt-btn-icon-side-left\"><svg viewBox=\"0 0 8 8\"  fill=\"currentColor\" xmlns=\"http:\/\/www.w3.org\/2000\/svg\"  aria-hidden=\"true\"><path d=\"M2 0c-.55 0-1.04.23-1.41.59-.36.36-.59.85-.59 1.41 0 .55.23 1.04.59 1.41l3.41 3.41 3.41-3.41c.36-.36.59-.85.59-1.41 0-.55-.23-1.04-.59-1.41-.36-.36-.85-.59-1.41-.59-.55 0-1.04.23-1.41.59-.36.36-.59.85-.59 1.41 0-.55-.23-1.04-.59-1.41-.36-.36-.85-.59-1.41-.59z\" transform=\"translate(0 1)\"\/><\/svg><\/span><span class=\"kt-btn-inner-text\">SPENDEN<\/span><\/a><\/div>\n","protected":false},"excerpt":{"rendered":"<p>Es ist an der Zeit, eine neue Art von Leitern und Gl\u00e4ubigen im Leib des Messias auszubilden \u201eJetzt kommt es darauf an, womit jeder Einzelne auf diesem Fundament weiterbaut, zum Beispiel mit Gold, Silber, wertvollen Steinen, oder auch mit Holz, Heu oder Stroh. Die Arbeit von jedem Einzelnen wird am Ende sichtbar werden. Der entscheidende&#8230;<\/p>\n","protected":false},"author":1,"featured_media":0,"parent":0,"menu_order":0,"comment_status":"closed","ping_status":"closed","template":"","meta":{"give_campaign_id":0,"_kad_blocks_custom_css":"","_kad_blocks_head_custom_js":"","_kad_blocks_body_custom_js":"","_kad_blocks_footer_custom_js":"","_kad_post_transparent":"","_kad_post_title":"hide","_kad_post_layout":"","_kad_post_sidebar_id":"","_kad_post_content_style":"","_kad_post_vertical_padding":"bottom","_kad_post_feature":"","_kad_post_feature_position":"","_kad_post_header":false,"_kad_post_footer":false,"_kad_post_classname":"","footnotes":""},"class_list":["post-5600","page","type-page","status-publish","hentry"],"campaignId":"","taxonomy_info":[],"featured_image_src_large":false,"author_info":{"display_name":"W B","author_link":"https:\/\/www.zionsgospel.com\/de\/author\/victor\/"},"comment_info":0,"_links":{"self":[{"href":"https:\/\/www.zionsgospel.com\/de\/wp-json\/wp\/v2\/pages\/5600","targetHints":{"allow":["GET"]}}],"collection":[{"href":"https:\/\/www.zionsgospel.com\/de\/wp-json\/wp\/v2\/pages"}],"about":[{"href":"https:\/\/www.zionsgospel.com\/de\/wp-json\/wp\/v2\/types\/page"}],"author":[{"embeddable":true,"href":"https:\/\/www.zionsgospel.com\/de\/wp-json\/wp\/v2\/users\/1"}],"replies":[{"embeddable":true,"href":"https:\/\/www.zionsgospel.com\/de\/wp-json\/wp\/v2\/comments?post=5600"}],"version-history":[{"count":4,"href":"https:\/\/www.zionsgospel.com\/de\/wp-json\/wp\/v2\/pages\/5600\/revisions"}],"predecessor-version":[{"id":15680,"href":"https:\/\/www.zionsgospel.com\/de\/wp-json\/wp\/v2\/pages\/5600\/revisions\/15680"}],"wp:attachment":[{"href":"https:\/\/www.zionsgospel.com\/de\/wp-json\/wp\/v2\/media?parent=5600"}],"curies":[{"name":"wp","href":"https:\/\/api.w.org\/{rel}","templated":true}]}}