{"id":5592,"date":"2022-01-24T16:22:17","date_gmt":"2022-01-24T22:22:17","guid":{"rendered":"https:\/\/www.zionsgospel.com\/vereinte-nationen-fuer-israel\/"},"modified":"2022-01-24T16:25:21","modified_gmt":"2022-01-24T22:25:21","slug":"vereinte-nationen-fuer-israel","status":"publish","type":"page","link":"https:\/\/www.zionsgospel.com\/de\/vereinte-nationen-fuer-israel\/","title":{"rendered":"Vereinte Nationen f\u00fcr Israel"},"content":{"rendered":"<style>#kt-layout-id_584f03-46 > .kt-row-column-wrap{z-index:10;position:relative;align-content:start;}:where(#kt-layout-id_584f03-46 > .kt-row-column-wrap) > .wp-block-kadence-column{justify-content:start;}#kt-layout-id_584f03-46 > .kt-row-column-wrap{column-gap:var(--global-kb-gap-md, 2rem);row-gap:var(--global-kb-gap-md, 2rem);max-width:900px;margin-left:auto;margin-right:auto;padding-top:var( --global-kb-row-default-top, 25px );padding-bottom:var( --global-kb-row-default-bottom, 25px );padding-top:110px;padding-bottom:130px;grid-template-columns:minmax(0, 1fr);}#kt-layout-id_584f03-46{background-image:url('https:\/\/www.zionsgospel.com\/wp-content\/uploads\/2021\/05\/unitednationsforisrael-bg.jpg');background-size:cover;background-position:50% 42%;background-attachment:scroll;background-repeat:no-repeat;}#kt-layout-id_584f03-46 > .kt-row-layout-overlay{opacity:0.00;background-color:#0035b9;mix-blend-mode:normal;}#kt-layout-id_584f03-46 .kt-row-layout-bottom-sep{height:100px;}#kt-layout-id_584f03-46 .kt-row-layout-bottom-sep svg{width:100%;}#kt-layout-id_584f03-46 .kt-row-layout-bottom-sep svg{fill:#ffffff!important;}@media all and (max-width: 1024px){#kt-layout-id_584f03-46 > .kt-row-column-wrap{grid-template-columns:minmax(0, 1fr);}}@media all and (max-width: 1024px){#kt-layout-id_584f03-46 .kt-row-layout-bottom-sep{height:px;}}@media all and (max-width: 1024px){#kt-layout-id_584f03-46 .kt-row-layout-bottom-sep svg{width:%;}}@media all and (max-width: 767px){#kt-layout-id_584f03-46 > .kt-row-column-wrap{grid-template-columns:minmax(0, 1fr);}#kt-layout-id_584f03-46 .kt-row-layout-bottom-sep{height:px;}#kt-layout-id_584f03-46 .kt-row-layout-bottom-sep svg{width:%;}}<\/style>\n<div class=\"wp-block-kadence-rowlayout alignfull\"><div id=\"kt-layout-id_584f03-46\" class=\"kt-row-layout-inner kt-row-has-bg kt-layout-id_584f03-46\"><div class=\"kt-row-layout-overlay kt-row-overlay-normal\"><\/div><div class=\"kt-row-column-wrap kt-has-1-columns kt-gutter-default kt-v-gutter-default kt-row-valign-top kt-row-layout-equal kt-tab-layout-inherit kt-m-colapse-left-to-right kt-mobile-layout-row\"><style>.kadence-column_3df01d-25 > .kt-inside-inner-col{border-top-width:0px;border-right-width:0px;border-bottom-width:0px;border-left-width:0px;}.kadence-column_3df01d-25 > .kt-inside-inner-col,.kadence-column_3df01d-25 > .kt-inside-inner-col:before{border-top-left-radius:0px;border-top-right-radius:0px;border-bottom-right-radius:0px;border-bottom-left-radius:0px;}.kadence-column_3df01d-25 > .kt-inside-inner-col{column-gap:var(--global-kb-gap-sm, 1rem);}.kadence-column_3df01d-25 > .kt-inside-inner-col{flex-direction:column;}.kadence-column_3df01d-25 > .kt-inside-inner-col > .aligncenter{width:100%;}.kadence-column_3df01d-25 > .kt-inside-inner-col:before{opacity:0.3;}.kadence-column_3df01d-25{position:relative;}@media all and (max-width: 1024px){.kadence-column_3df01d-25 > .kt-inside-inner-col{flex-direction:column;justify-content:center;}}@media all and (max-width: 767px){.kadence-column_3df01d-25 > .kt-inside-inner-col{flex-direction:column;justify-content:center;}}<\/style>\n<div class=\"wp-block-kadence-column inner-column-1 kadence-column_3df01d-25\"><div class=\"kt-inside-inner-col\">\n<div class=\"wp-block-image\"><figure class=\"aligncenter size-full is-resized\"><img loading=\"lazy\" decoding=\"async\" src=\"https:\/\/www.zionsgospel.com\/wp-content\/uploads\/2021\/05\/unify-logo-white-1.png\" alt=\"Vereinte Nationen f\u00fcr Israel\" class=\"wp-image-2315\" width=\"450\" height=\"162\" srcset=\"https:\/\/www.zionsgospel.com\/wp-content\/uploads\/2021\/05\/unify-logo-white-1.png 600w, https:\/\/www.zionsgospel.com\/wp-content\/uploads\/2021\/05\/unify-logo-white-1-300x108.png 300w\" sizes=\"auto, (max-width: 450px) 100vw, 450px\" \/><\/figure><\/div>\n\n\n\n<p><\/p>\n<\/div><\/div>\n<\/div><div class=\"kt-row-layout-bottom-sep kt-row-sep-type-threelevels\"><svg style=\"fill:#ffffff\" viewbox=\"0 0 1000 100\" preserveaspectratio=\"none\"><path style=\"opacity:0.33\" d=\"M0 95L1000 0v100H0v-5z\"><\/path><path style=\"opacity:0.66\" d=\"M0 95l1000-67.944V100H0v-5z\"><\/path><path d=\"M0 95l1000-40.887V100H0v-5z\"><\/path><\/svg><\/div><\/div><\/div>\n\n\n<style>.wp-block-kadence-spacer.kt-block-spacer-_8676d3-47 .kt-block-spacer{height:30px;}.wp-block-kadence-spacer.kt-block-spacer-_8676d3-47 .kt-divider{border-top-width:1px;height:1px;border-top-color:#eee;width:80%;border-top-style:solid;}<\/style>\n<div class=\"wp-block-kadence-spacer aligncenter kt-block-spacer-_8676d3-47\"><div class=\"kt-block-spacer kt-block-spacer-halign-center\" style=\"height:30px\"><\/div><\/div>\n\n\n\n<p style=\"font-size:22px\"><strong>Die <a href=\"https:\/\/unitednationsforisrael.org\/de\/\" target=\"_blank\" rel=\"noopener\"><em>Vereinten Nationen f\u00fcr Israel<\/em>&nbsp;(UNIFY)<\/a> m\u00f6chte die Nationen \u00fcber das Evangelium aus Zion aufkl\u00e4ren und ihnen zeigen, wie wichtig es ist, trotz aller Widrigkeiten zu Israel zu stehen.<\/strong><\/p>\n\n\n\n<p>In Matth\u00e4us 25:32 sagte Yeshua (Jesus), der Messias, dass Er zwischen den V\u00f6lkern richten und sie wie die Schafe von den B\u00f6cken trennen wird. Das Dritte Jahrtausend, seit Er auf der Erde lebte, ist angebrochen, und die&nbsp;<em>Trennung hat bereits begonnen!<\/em><\/p>\n\n\n\n<p>Der Messias besuchte Hauptbisch\u00f6fin Dominiquae Bierman &#8211; die Gr\u00fcnderin der <em><a href=\"https:\/\/unitednationsforisrael.org\/de\/\" target=\"_blank\" rel=\"noopener\">Vereinten Nationen f\u00fcr Israel<\/a><\/em>&nbsp;Israel &#8211; an Weihnachten 2001 in Santiago de Chile und zeigte ihr, dass Ersatztheologie in der Gemeinde die Nationen bis jetzt daran gehindert hat, Schafnationen zu werden.<\/p>\n\n\n\n<p>Er wird die Nationen nach zwei Gesichtspunkten richten:<\/p>\n\n\n\n<ul class=\"wp-block-list\"><li>\u2022\tNach Seinen Gebote, wie sie in der Torah geschrieben stehen (Offenbarung 20:12-13)<\/li><li>\u2022\tNach dem Verhalten der Nationen Israel gegen\u00fcber (1. Mose 12:3 und Matth\u00e4us 25:37-40)<\/li><\/ul>\n\n\n\n<p>Durch die Ersatztheologie im Christentums hat die Kirche die Nationen gelehrt, alles J\u00fcdische abzulehnen, einschlie\u00dflich Gottes Torah und Seine Gebote, den Shabbat und die biblischen Feiertage. Sie hat die V\u00f6lker auch gelehrt, das j\u00fcdische Volk zu hassen. In der Geschichte geschah es oft, dass Christen gegen Juden vorgingen, wie z.B bei den Kreuzz\u00fcgen, der spanische Inquisition, den Pogromen in Russland und der Ukraine, der Nazi-Shoa (Holocaust), BDS und viele mehr. Obwohl der Islam heute st\u00e4rker gegen Israel auftritt, sind auch der \u201e\u00d6kumenische Rat der Kirchen\u201d und viele Konfessionen und christliche Nichtregierungsorganisationen antiisraelisch eingestellt. Die Heilige Schrift ist in dieser Hinsicht eindeutig:<\/p>\n\n\n\n<p><em>\u201eWer dich segnet, den werde ich auch segnen. Wer dich verflucht, den werde ich auch verfluchen.\u201d<\/em> <strong>1. Mose 12:3<\/strong><\/p>\n\n\n\n<p>&#8222;<em>Die Nationen werden danach beurteilt werden, wie sie das j\u00fcdische Volk in der Vergangenheit behandelt haben und wie sie den modernen Staat Israel in der Gegenwart behandeln. Die Bibel sagt, dass Yah (Gott) alle Nationen wegen der &#8222;(Rechts-)Sache Zions&#8220; richten wird (Jesaja 34:1-8). Alle Nationen befinden sich im \u201eTal des Gerichts\u201d, weil sie versucht haben, Jerusalem und das Land Israel zu teilen.<\/em>&#8220; <strong>(Joel 3,1-4)<\/strong><\/p>\n\n\n\n<p>Wir glauben, dass jeder Gl\u00e4ubige an den Messias in jeder Nation ein potenzieller Weltver\u00e4nderer ist, der ein Katalysator werden kann, um seine\/ihre Nation in eine Schafnation zu verwandeln und unz\u00e4hlige Menschen vor dem ewigen Gericht zu retten.<\/p>\n\n\n\n<p>So wie Israel nach fast 2.000 Jahren Exil an einem Tag in seinem verhei\u00dfenen Land zur Welt kam, so k\u00f6nnen auch Schafnationen an einem Tag geboren werden!<\/p>\n\n\n\n<p>&#8222;<em>\u201eWer hat so etwas jemals geh\u00f6rt? Wer hat so etwas schon gesehen?<br>Hat ein Land sich je an einem Tag gebildet? Wurde je ein Volk an einem einzigen Tag geboren?<br>Doch Zions Wehen hatten kaum eingesetzt, da waren ihre S\u00f6hne schon geboren.\u201c<\/em>&#8222;<br><strong>Jesaja 66:8<\/strong><\/p>\n\n\n\n<p>Werde Mitglied der \u201eKnesset (Versammlung) der Nationen\u201d und fange an, deine Nation in eine Schafnation zu verwandeln, eine Person nach der anderen.<\/p>\n\n\n<style>.wp-block-kadence-advancedbtn.kb-btns_b9d5a3-e3{gap:var(--global-kb-gap-xs, 0.5rem );justify-content:flex-start;align-items:center;}.kt-btns_b9d5a3-e3 .kt-button{font-weight:normal;font-style:normal;}.kt-btns_b9d5a3-e3 .kt-btn-wrap-0{margin-right:5px;}.wp-block-kadence-advancedbtn.kt-btns_b9d5a3-e3 .kt-btn-wrap-0 .kt-button::before{display:none;}.kt-btns_b9d5a3-e3 .kt-btn-wrap-1{margin-right:5px;}.wp-block-kadence-advancedbtn.kt-btns_b9d5a3-e3 .kt-btn-wrap-1 .kt-button{background:var(--global-palette2, #2B6CB0);}.wp-block-kadence-advancedbtn.kt-btns_b9d5a3-e3 .kt-btn-wrap-1 .kt-button::before{display:none;}.wp-block-kadence-advancedbtn.kt-btns_b9d5a3-e3 .kt-btn-wrap-1 .kt-button:hover, .wp-block-kadence-advancedbtn.kt-btns_b9d5a3-e3 .kt-btn-wrap-1 .kt-button:focus{background:#b02626;}<\/style>\n<div class=\"wp-block-kadence-advancedbtn kt-btn-align-left kt-btn-tablet-align-inherit kt-btn-mobile-align-inherit kt-btns-wrap kt-btns_b9d5a3-e3\"><div class=\"kt-btn-wrap kt-btn-wrap-0\"><a class=\"kt-button button kt-btn-0-action kt-btn-size-large kt-btn-style-basic kt-btn-svg-show-always kt-btn-has-text-true kt-btn-has-svg-false kb-btn-global-inherit wp-block-button__link\" href=\"https:\/\/unitednationsforisrael.org\/de\/mitgliedschaft\/\" target=\"_blank\" rel=\"noopener\"><span class=\"kt-btn-inner-text\">Beitreten und die Mission unterst\u00fctzen<\/span><\/a><\/div><div class=\"kt-btn-wrap kt-btn-wrap-1\"><a class=\"kt-button button kt-btn-1-action kt-btn-size-large kt-btn-style-basic kt-btn-svg-show-always kt-btn-has-text-true kt-btn-has-svg-true kb-btn-global-inherit wp-block-button__link\" href=\"https:\/\/www.zionsgospel.com\/de\/spenden\/\"><div style=\"display:inline-flex;justify-content:center;align-items:center\" class=\"kt-btn-svg-icon kt-btn-svg-icon-ic_heart kt-btn-side-left\"><svg style=\"display:inline-block;vertical-align:middle\" viewbox=\"0 0 8 8\" height=\"1em\" width=\"1em\" fill=\"currentColor\" xmlns=\"http:\/\/www.w3.org\/2000\/svg\"><path d=\"M2 0c-.55 0-1.04.23-1.41.59-.36.36-.59.85-.59 1.41 0 .55.23 1.04.59 1.41l3.41 3.41 3.41-3.41c.36-.36.59-.85.59-1.41 0-.55-.23-1.04-.59-1.41-.36-.36-.85-.59-1.41-.59-.55 0-1.04.23-1.41.59-.36.36-.59.85-.59 1.41 0-.55-.23-1.04-.59-1.41-.36-.36-.85-.59-1.41-.59z\" transform=\"translate(0 1)\"><\/path><\/svg><\/div><span class=\"kt-btn-inner-text\">Spenden<\/span><\/a><\/div><\/div>\n\n\n\n<p><\/p>\n","protected":false},"excerpt":{"rendered":"<p>Die Vereinten Nationen f\u00fcr Israel&nbsp;(UNIFY) m\u00f6chte die Nationen \u00fcber das Evangelium aus Zion aufkl\u00e4ren und ihnen zeigen, wie wichtig es ist, trotz aller Widrigkeiten zu Israel zu stehen. In Matth\u00e4us 25:32 sagte Yeshua (Jesus), der Messias, dass Er zwischen den V\u00f6lkern richten und sie wie die Schafe von den B\u00f6cken trennen wird. Das Dritte Jahrtausend,&#8230;<\/p>\n","protected":false},"author":1,"featured_media":0,"parent":0,"menu_order":0,"comment_status":"closed","ping_status":"closed","template":"","meta":{"give_campaign_id":0,"_kad_blocks_custom_css":"","_kad_blocks_head_custom_js":"","_kad_blocks_body_custom_js":"","_kad_blocks_footer_custom_js":"","_kad_post_transparent":"","_kad_post_title":"hide","_kad_post_layout":"","_kad_post_sidebar_id":"","_kad_post_content_style":"","_kad_post_vertical_padding":"bottom","_kad_post_feature":"","_kad_post_feature_position":"","_kad_post_header":false,"_kad_post_footer":false,"_kad_post_classname":"","footnotes":""},"class_list":["post-5592","page","type-page","status-publish","hentry"],"campaignId":"","taxonomy_info":[],"featured_image_src_large":false,"author_info":{"display_name":"W B","author_link":"https:\/\/www.zionsgospel.com\/de\/author\/victor\/"},"comment_info":0,"_links":{"self":[{"href":"https:\/\/www.zionsgospel.com\/de\/wp-json\/wp\/v2\/pages\/5592","targetHints":{"allow":["GET"]}}],"collection":[{"href":"https:\/\/www.zionsgospel.com\/de\/wp-json\/wp\/v2\/pages"}],"about":[{"href":"https:\/\/www.zionsgospel.com\/de\/wp-json\/wp\/v2\/types\/page"}],"author":[{"embeddable":true,"href":"https:\/\/www.zionsgospel.com\/de\/wp-json\/wp\/v2\/users\/1"}],"replies":[{"embeddable":true,"href":"https:\/\/www.zionsgospel.com\/de\/wp-json\/wp\/v2\/comments?post=5592"}],"version-history":[{"count":2,"href":"https:\/\/www.zionsgospel.com\/de\/wp-json\/wp\/v2\/pages\/5592\/revisions"}],"predecessor-version":[{"id":5595,"href":"https:\/\/www.zionsgospel.com\/de\/wp-json\/wp\/v2\/pages\/5592\/revisions\/5595"}],"wp:attachment":[{"href":"https:\/\/www.zionsgospel.com\/de\/wp-json\/wp\/v2\/media?parent=5592"}],"curies":[{"name":"wp","href":"https:\/\/api.w.org\/{rel}","templated":true}]}}